{"id":283,"date":"2025-05-06T13:11:07","date_gmt":"2025-05-06T13:11:07","guid":{"rendered":"https:\/\/www.coachwp.fr\/pierre-et-vacances\/?page_id=283"},"modified":"2025-06-01T12:37:32","modified_gmt":"2025-06-01T12:37:32","slug":"sitotheque","status":"publish","type":"page","link":"https:\/\/www.coachwp.fr\/pierre-et-vacances\/sitotheque\/","title":{"rendered":"Sitoth\u00e8que"},"content":{"rendered":"<p>[et_pb_section fb_built=\u00a0\u00bb1&Prime; admin_label=\u00a0\u00bbAbout\u00a0\u00bb _builder_version=\u00a0\u00bb4.22.0&Prime; _module_preset=\u00a0\u00bbdefault\u00a0\u00bb locked=\u00a0\u00bboff\u00a0\u00bb collapsed=\u00a0\u00bbon\u00a0\u00bb global_colors_info=\u00a0\u00bb{}\u00a0\u00bb][et_pb_row _builder_version=\u00a0\u00bb4.27.4&Prime; _module_preset=\u00a0\u00bbdefault\u00a0\u00bb width=\u00a0\u00bb100%\u00a0\u00bb max_width=\u00a0\u00bb1180px\u00a0\u00bb min_height=\u00a0\u00bb126.5px\u00a0\u00bb custom_padding=\u00a0\u00bb27px||27px||true|\u00a0\u00bb global_colors_info=\u00a0\u00bb{}\u00a0\u00bb][et_pb_column type=\u00a0\u00bb4_4&Prime; _builder_version=\u00a0\u00bb4.22.0&Prime; _module_preset=\u00a0\u00bbdefault\u00a0\u00bb global_colors_info=\u00a0\u00bb{}\u00a0\u00bb][et_pb_heading title=\u00a0\u00bbSitoth\u00e8que\u00a0\u00bb _builder_version=\u00a0\u00bb4.27.4&Prime; _module_preset=\u00a0\u00bbdefault\u00a0\u00bb title_text_align=\u00a0\u00bbcenter\u00a0\u00bb title_font_size=\u00a0\u00bb43px\u00a0\u00bb custom_margin=\u00a0\u00bb||12px|||\u00a0\u00bb global_colors_info=\u00a0\u00bb{}\u00a0\u00bb][\/et_pb_heading][et_pb_text _builder_version=\u00a0\u00bb4.27.4&Prime; _module_preset=\u00a0\u00bbdefault\u00a0\u00bb text_font_size=\u00a0\u00bb16px\u00a0\u00bb global_colors_info=\u00a0\u00bb{}\u00a0\u00bb custom_padding=\u00a0\u00bb||25px|||\u00a0\u00bb]<\/p>\n<p style=\"text-align: center;\">Notre sitoth\u00e8que regroupe l&rsquo;ensemble des sites internet qui nous ont \u00e9t\u00e9 utiles<br \/>pour la r\u00e9alisation de ce dossier documentaire num\u00e9rique.<\/p>\n<p>[\/et_pb_text][\/et_pb_column][\/et_pb_row][et_pb_row column_structure=\u00a0\u00bb2_5,3_5&Prime; _builder_version=\u00a0\u00bb4.27.4&Prime; _module_preset=\u00a0\u00bbdefault\u00a0\u00bb width=\u00a0\u00bb100%\u00a0\u00bb max_width=\u00a0\u00bb1180px\u00a0\u00bb custom_padding=\u00a0\u00bb0px||27px||false|false\u00a0\u00bb global_colors_info=\u00a0\u00bb{}\u00a0\u00bb][et_pb_column type=\u00a0\u00bb2_5&Prime; _builder_version=\u00a0\u00bb4.22.0&Prime; _module_preset=\u00a0\u00bbdefault\u00a0\u00bb global_colors_info=\u00a0\u00bb{}\u00a0\u00bb][et_pb_image src=\u00a0\u00bbhttps:\/\/www.coachwp.fr\/pierre-et-vacances\/wp-content\/uploads\/2025\/05\/Sitotheque.png\u00a0\u00bb title_text=\u00a0\u00bbSitotheque\u00a0\u00bb url_new_window=\u00a0\u00bbon\u00a0\u00bb show_bottom_space=\u00a0\u00bboff\u00a0\u00bb _builder_version=\u00a0\u00bb4.27.4&Prime; _module_preset=\u00a0\u00bbdefault\u00a0\u00bb width=\u00a0\u00bb100%\u00a0\u00bb custom_margin=\u00a0\u00bb|54px||||\u00a0\u00bb custom_padding=\u00a0\u00bb|0px||||\u00a0\u00bb border_radii=\u00a0\u00bbon|30px|30px|30px|30px\u00a0\u00bb global_colors_info=\u00a0\u00bb{}\u00a0\u00bb][\/et_pb_image][\/et_pb_column][et_pb_column type=\u00a0\u00bb3_5&Prime; _builder_version=\u00a0\u00bb4.22.0&Prime; _module_preset=\u00a0\u00bbdefault\u00a0\u00bb global_colors_info=\u00a0\u00bb{}\u00a0\u00bb][et_pb_text _builder_version=\u00a0\u00bb4.27.4&Prime; _module_preset=\u00a0\u00bbc1ccfd77-cac1-4faa-8e41-20d723f81385&Prime; text_font=\u00a0\u00bb&#8211;et_global_body_font||on||||||\u00a0\u00bb text_text_color=\u00a0\u00bb#016577&Prime; text_font_size=\u00a0\u00bb22px\u00a0\u00bb text_letter_spacing=\u00a0\u00bb1px\u00a0\u00bb width=\u00a0\u00bb100%\u00a0\u00bb custom_margin=\u00a0\u00bb||10px||false|false\u00a0\u00bb global_colors_info=\u00a0\u00bb{}\u00a0\u00bb]<\/p>\n<p><strong>L&rsquo;h\u00e9bergement touristique<\/strong><\/p>\n<p>[\/et_pb_text][et_pb_text _builder_version=\u00a0\u00bb4.27.4&Prime; _module_preset=\u00a0\u00bbac363a56-eeb7-41d0-9b0f-5a4a2b62c7e3&Prime; global_colors_info=\u00a0\u00bb{}\u00a0\u00bb]<\/p>\n<ul>\n<li>Site d&rsquo;<a href=\"https:\/\/www.alliance-france-tourisme.fr\/\" target=\"_blank\" rel=\"noopener\">Alliance France Tourisme<\/a>, Think Thank d\u00e9di\u00e9 au tourisme<\/li>\n<li>Site d&rsquo;<a href=\"https:\/\/www.atout-france.fr\/\" target=\"_blank\" rel=\"noopener\">Atout France<\/a>, Agence nationale de d\u00e9veloppement du tourisme<\/li>\n<li><a href=\"https:\/\/www.booking.com\/content\/about.fr.html\" target=\"_blank\" rel=\"noopener\">Site de Booking,<\/a> site de l&rsquo;entreprise<\/li>\n<li><span><a href=\"https:\/\/www.acteursdutourisme.fr\/#actualites\" target=\"_blank\" rel=\"noopener\">Site CAT<\/a>, Conf\u00e9d\u00e9ration des Acteurs du Tourisme<\/span><\/li>\n<li>Site du <a href=\"https:\/\/www.clubmed.fr\/\" target=\"_blank\" rel=\"noopener\">Club Med<\/a>, site de l&rsquo;entreprise<strong><\/strong><\/li>\n<li>Site de la<a href=\"https:\/\/www.entreprises.gouv.fr\/\" target=\"_blank\" rel=\"noopener\"> Direction g\u00e9n\u00e9rale des entreprises<\/a><\/li>\n<li><span><a href=\"https:\/\/www.fnrt-tourisme.fr\/\" target=\"_blank\" rel=\"noopener\">Site FNRT<\/a>, F\u00e9d\u00e9ration professionnelle des exploitants des\u00a0R\u00e9sidences de Tourisme, Apparth\u00f4tels et Villages de Vacances<\/span><\/li>\n<li>Site du <a href=\"https:\/\/www.magora.fr\/\" target=\"_blank\" rel=\"noopener\">Groupe Magora<\/a> (Odalys), site de l&rsquo;entreprise<\/li>\n<li>Site du <a href=\"https:\/\/www.groupepvcp.com\/\" target=\"_blank\" rel=\"noopener\">Groupe Pierre &amp; Vacances Center Parcs<\/a><\/li>\n<li>Site de l&rsquo;<a href=\"https:\/\/www.insee.fr\/fr\/accueil\" target=\"_blank\" rel=\"noopener\">INSEE<\/a>, Institut national de la statistique et des \u00e9tudes \u00e9conomiques<\/li>\n<li><span>Site de <a href=\"https:\/\/www.pole-implantation-tourisme.org\" target=\"_blank\" rel=\"noopener\">Pole Implantation Tourisme ,<\/a> Agence\u00a0 de conseils sp\u00e9cialis\u00e9e en tourisme<\/span><\/li>\n<li><a href=\"https:\/\/www.slow-tourisme-lab.fr\/fr\/\" target=\"_blank\" rel=\"noopener\">Site de Slow Tourisme Lab,<\/a> Agence\u00a0 de conseils sp\u00e9cialis\u00e9e en Slow Tourisme<\/li>\n<li>Site de <a href=\"https:\/\/www.xerfi.com\/\" target=\"_blank\" rel=\"noopener\">Xerfi<\/a>, Cabinet d&rsquo;\u00e9tudes de march\u00e9<\/li>\n<\/ul>\n<p>[\/et_pb_text][\/et_pb_column][\/et_pb_row][et_pb_row _builder_version=\u00a0\u00bb4.27.4&Prime; _module_preset=\u00a0\u00bbdefault\u00a0\u00bb width=\u00a0\u00bb100%\u00a0\u00bb max_width=\u00a0\u00bb1180px\u00a0\u00bb custom_padding=\u00a0\u00bb0px||||false|false\u00a0\u00bb global_colors_info=\u00a0\u00bb{}\u00a0\u00bb][et_pb_column type=\u00a0\u00bb4_4&Prime; _builder_version=\u00a0\u00bb4.22.0&Prime; _module_preset=\u00a0\u00bbdefault\u00a0\u00bb global_colors_info=\u00a0\u00bb{}\u00a0\u00bb][et_pb_text _builder_version=\u00a0\u00bb4.27.4&Prime; _module_preset=\u00a0\u00bbc1ccfd77-cac1-4faa-8e41-20d723f81385&Prime; text_font=\u00a0\u00bb&#8211;et_global_body_font||on||||||\u00a0\u00bb text_text_color=\u00a0\u00bb#016577&Prime; text_font_size=\u00a0\u00bb22px\u00a0\u00bb text_letter_spacing=\u00a0\u00bb1px\u00a0\u00bb width=\u00a0\u00bb100%\u00a0\u00bb custom_margin=\u00a0\u00bb||10px||false|false\u00a0\u00bb locked=\u00a0\u00bboff\u00a0\u00bb global_colors_info=\u00a0\u00bb{}\u00a0\u00bb]<\/p>\n<p><strong>Le Groupe Pierre &amp; Vacances &#8211; Center Parcs<\/strong><\/p>\n<p>[\/et_pb_text][et_pb_text _builder_version=\u00a0\u00bb4.27.4&Prime; _module_preset=\u00a0\u00bbac363a56-eeb7-41d0-9b0f-5a4a2b62c7e3&Prime; global_colors_info=\u00a0\u00bb{}\u00a0\u00bb]<\/p>\n<ul>\n<li><a href=\"https:\/\/www.abcbourse.com\/\" target=\"_blank\" rel=\"noopener\">Site d&rsquo;ABC Bourse<\/a> (site d&rsquo;informations boursi\u00e8res)<\/li>\n<li><a href=\"https:\/\/www.boursorama.com\/\" target=\"_blank\" rel=\"noopener\">Site de Boursorama<\/a> (site d&rsquo;actualit\u00e9s \u00e9conomiques et d&rsquo;informations boursi\u00e8res)<\/li>\n<li><a href=\"https:\/\/www.adagio-city.com\/\" target=\"_blank\" rel=\"noopener\">Site de la Marque Adagio<\/a><\/li>\n<li><a href=\"https:\/\/www.centerparcs.fr\/\" target=\"_blank\" rel=\"noopener\">Site de la Marque Center Parcs<\/a><\/li>\n<li><a href=\"https:\/\/www.lechotouristique.com\/\" target=\"_blank\" rel=\"noopener\">Site de l&rsquo;Echo touristique<\/a> (site d&rsquo;informations sur le secteur touristique)<\/li>\n<li><a href=\"https:\/\/www.groupepvcp.com\/\" target=\"_blank\" rel=\"noopener\">Site du Groupe Pierre &amp; Vacances &#8211; Center Parcs<\/a><\/li>\n<li><a href=\"https:\/\/hospitality-on.com\/fr\" target=\"_blank\" rel=\"noopener\">Site d&rsquo;Hospitality ON<\/a> (site d&rsquo;informations sur le secteur h\u00f4telier)<\/li>\n<li><a href=\"https:\/\/www.maeva.com\/fr-fr\/\" target=\"_blank\" rel=\"noopener\">Site de la Marque Maeva<\/a><\/li>\n<li><a href=\"https:\/\/www.pappers.fr\/recherche\" target=\"_blank\" rel=\"noopener\">Site de Pappers<\/a> (site de recherche d&rsquo;informations sur les entreprises)<\/li>\n<li><a href=\"https:\/\/www.pierreetvacances.com\/\" target=\"_blank\" rel=\"noopener\">Site de la Marque Pierre &amp; Vacances<\/a><\/li>\n<\/ul>\n<p>[\/et_pb_text][et_pb_text _builder_version=\u00a0\u00bb4.27.4&Prime; _module_preset=\u00a0\u00bbc1ccfd77-cac1-4faa-8e41-20d723f81385&Prime; text_font=\u00a0\u00bb&#8211;et_global_body_font||on||||||\u00a0\u00bb text_text_color=\u00a0\u00bb#016577&Prime; text_font_size=\u00a0\u00bb22px\u00a0\u00bb text_letter_spacing=\u00a0\u00bb1px\u00a0\u00bb width=\u00a0\u00bb100%\u00a0\u00bb custom_margin=\u00a0\u00bb||10px||false|false\u00a0\u00bb locked=\u00a0\u00bboff\u00a0\u00bb global_colors_info=\u00a0\u00bb{}\u00a0\u00bb]<\/p>\n<p><strong>La strat\u00e9gie R\u00e9invention<\/strong><\/p>\n<p>[\/et_pb_text][et_pb_text _builder_version=\u00a0\u00bb4.27.4&Prime; _module_preset=\u00a0\u00bbac363a56-eeb7-41d0-9b0f-5a4a2b62c7e3&Prime; global_colors_info=\u00a0\u00bb{}\u00a0\u00bb]<\/p>\n<ul>\n<li><a href=\"https:\/\/infos.ademe.fr\/\" target=\"_blank\" rel=\"noopener\">Site des actualit\u00e9s de l&rsquo;ADEME <\/a>(agence publique pour la transition \u00e9cologique)<\/li>\n<li>Site d&rsquo;<a href=\"https:\/\/business.adobe.com\/fr\/customer-success-stories\/pierre-vacances-center-parcs-case-study.html\" target=\"_blank\" rel=\"noopener\">Adobe for business<\/a><\/li>\n<li><a href=\"https:\/\/asteres.fr\/\" target=\"_blank\" rel=\"noopener\">Site d&rsquo;ASTER<span>\u00c8<\/span>S<\/a>, Cabinet de conseil<\/li>\n<li><a href=\"https:\/\/www.centerparcs.fr\/\" target=\"_blank\" rel=\"noopener\">Site de la Marque Center Parcs<\/a><\/li>\n<li><a href=\"https:\/\/www.groupepvcp.com\/\" target=\"_blank\" rel=\"noopener\">Site du Groupe Pierre &amp; Vacances &#8211; Center Parcs<\/a><\/li>\n<li><a href=\"https:\/\/www.hubinstitute.com\/\" target=\"_blank\" rel=\"noopener\">Site d&rsquo;Hub Insititue<\/a>, site sur la transformation des entreprises<\/li>\n<li><a href=\"https:\/\/www.icade.fr\/\" target=\"_blank\" rel=\"noopener\">Site d&rsquo;ICADE<\/a> (site de promotion immobli\u00e8re)<\/li>\n<li><a href=\"https:\/\/institut-superieur-environnement.com\/\" target=\"_blank\" rel=\"noopener\">Site de l&rsquo;ISE <\/a>(Institut Sup\u00e9rieur de l&rsquo;Environnement)<\/li>\n<li><a href=\"https:\/\/www.leaderia.com\/\" target=\"_blank\" rel=\"noopener\">Site de Leaderia<\/a>, Cabinet de recrutement dans le secteur du tourisme<\/li>\n<li><a href=\"https:\/\/www.pierreetvacances.com\/\" target=\"_blank\" rel=\"noopener\">Site de la Marque Pierre &amp; Vacances<\/a><\/li>\n<li><a href=\"https:\/\/www.tendancehotellerie.fr\/\" target=\"_blank\" rel=\"noopener\">Site de Tendance Hotellerie<\/a> (site d&rsquo;informations sur le secteur h\u00f4telier)<\/li>\n<li><a href=\"https:\/\/www.voyagesresponsables.com\/\" target=\"_blank\" rel=\"noopener\">Site de Voyages Responsables<\/a> (site d&rsquo;informations sur les tendances du tourisme \u00e9co-responsable)<\/li>\n<\/ul>\n<p>[\/et_pb_text][\/et_pb_column][\/et_pb_row][\/et_pb_section]<\/p>\n","protected":false},"excerpt":{"rendered":"<p>Notre sitoth\u00e8que regroupe l&rsquo;ensemble des sites internet qui nous ont \u00e9t\u00e9 utilespour la r\u00e9alisation de ce dossier documentaire num\u00e9rique.L&rsquo;h\u00e9bergement touristique Site d&rsquo;Alliance France Tourisme, Think Thank d\u00e9di\u00e9 au tourisme Site d&rsquo;Atout France, Agence nationale de d\u00e9veloppement du tourisme Site de Booking, site de l&rsquo;entreprise Site CAT, Conf\u00e9d\u00e9ration des Acteurs du Tourisme Site du Club Med, [&hellip;]<\/p>\n","protected":false},"author":4,"featured_media":0,"parent":0,"menu_order":0,"comment_status":"closed","ping_status":"closed","template":"","meta":{"_et_pb_use_builder":"on","_et_pb_old_content":"<!-- wp:divi\/placeholder \/-->","_et_gb_content_width":"","footnotes":""},"class_list":["post-283","page","type-page","status-publish","hentry"],"yoast_head":"<!-- This site is optimized with the Yoast SEO plugin v25.2 - https:\/\/yoast.com\/wordpress\/plugins\/seo\/ -->\n<title>Sitoth\u00e8que - Horizons M\u00e9dias<\/title>\n<meta name=\"robots\" content=\"index, follow, max-snippet:-1, max-image-preview:large, max-video-preview:-1\" \/>\n<link rel=\"canonical\" href=\"https:\/\/www.coachwp.fr\/pierre-et-vacances\/sitotheque\/\" \/>\n<meta property=\"og:locale\" content=\"fr_FR\" \/>\n<meta property=\"og:type\" content=\"article\" \/>\n<meta property=\"og:title\" content=\"Sitoth\u00e8que - Horizons M\u00e9dias\" \/>\n<meta property=\"og:description\" content=\"Notre sitoth\u00e8que regroupe l&#039;ensemble des sites internet qui nous ont \u00e9t\u00e9 utilespour la r\u00e9alisation de ce dossier documentaire num\u00e9rique.L&#039;h\u00e9bergement touristique Site d&#039;Alliance France Tourisme, Think Thank d\u00e9di\u00e9 au tourisme Site d&#039;Atout France, Agence nationale de d\u00e9veloppement du tourisme Site de Booking, site de l&#039;entreprise Site CAT, Conf\u00e9d\u00e9ration des Acteurs du Tourisme Site du Club Med, [&hellip;]\" \/>\n<meta property=\"og:url\" content=\"https:\/\/www.coachwp.fr\/pierre-et-vacances\/sitotheque\/\" \/>\n<meta property=\"og:site_name\" content=\"Horizons M\u00e9dias\" \/>\n<meta property=\"article:modified_time\" content=\"2025-06-01T12:37:32+00:00\" \/>\n<meta name=\"twitter:card\" content=\"summary_large_image\" \/>\n<script type=\"application\/ld+json\" class=\"yoast-schema-graph\">{\"@context\":\"https:\/\/schema.org\",\"@graph\":[{\"@type\":\"WebPage\",\"@id\":\"https:\/\/www.coachwp.fr\/pierre-et-vacances\/sitotheque\/\",\"url\":\"https:\/\/www.coachwp.fr\/pierre-et-vacances\/sitotheque\/\",\"name\":\"Sitoth\u00e8que - Horizons M\u00e9dias\",\"isPartOf\":{\"@id\":\"https:\/\/www.coachwp.fr\/pierre-et-vacances\/#website\"},\"datePublished\":\"2025-05-06T13:11:07+00:00\",\"dateModified\":\"2025-06-01T12:37:32+00:00\",\"breadcrumb\":{\"@id\":\"https:\/\/www.coachwp.fr\/pierre-et-vacances\/sitotheque\/#breadcrumb\"},\"inLanguage\":\"fr-FR\",\"potentialAction\":[{\"@type\":\"ReadAction\",\"target\":[\"https:\/\/www.coachwp.fr\/pierre-et-vacances\/sitotheque\/\"]}]},{\"@type\":\"BreadcrumbList\",\"@id\":\"https:\/\/www.coachwp.fr\/pierre-et-vacances\/sitotheque\/#breadcrumb\",\"itemListElement\":[{\"@type\":\"ListItem\",\"position\":1,\"name\":\"Accueil\",\"item\":\"https:\/\/www.coachwp.fr\/pierre-et-vacances\/\"},{\"@type\":\"ListItem\",\"position\":2,\"name\":\"Sitoth\u00e8que\"}]},{\"@type\":\"WebSite\",\"@id\":\"https:\/\/www.coachwp.fr\/pierre-et-vacances\/#website\",\"url\":\"https:\/\/www.coachwp.fr\/pierre-et-vacances\/\",\"name\":\"Horizons M\u00e9dias\",\"description\":\"Votre source d&#039;information sur le Groupe Pierre &amp; Vacances-Center Parcs\",\"potentialAction\":[{\"@type\":\"SearchAction\",\"target\":{\"@type\":\"EntryPoint\",\"urlTemplate\":\"https:\/\/www.coachwp.fr\/pierre-et-vacances\/?s={search_term_string}\"},\"query-input\":{\"@type\":\"PropertyValueSpecification\",\"valueRequired\":true,\"valueName\":\"search_term_string\"}}],\"inLanguage\":\"fr-FR\"}]}<\/script>\n<!-- \/ Yoast SEO plugin. -->","yoast_head_json":{"title":"Sitoth\u00e8que - Horizons M\u00e9dias","robots":{"index":"index","follow":"follow","max-snippet":"max-snippet:-1","max-image-preview":"max-image-preview:large","max-video-preview":"max-video-preview:-1"},"canonical":"https:\/\/www.coachwp.fr\/pierre-et-vacances\/sitotheque\/","og_locale":"fr_FR","og_type":"article","og_title":"Sitoth\u00e8que - Horizons M\u00e9dias","og_description":"Notre sitoth\u00e8que regroupe l'ensemble des sites internet qui nous ont \u00e9t\u00e9 utilespour la r\u00e9alisation de ce dossier documentaire num\u00e9rique.L'h\u00e9bergement touristique Site d'Alliance France Tourisme, Think Thank d\u00e9di\u00e9 au tourisme Site d'Atout France, Agence nationale de d\u00e9veloppement du tourisme Site de Booking, site de l'entreprise Site CAT, Conf\u00e9d\u00e9ration des Acteurs du Tourisme Site du Club Med, [&hellip;]","og_url":"https:\/\/www.coachwp.fr\/pierre-et-vacances\/sitotheque\/","og_site_name":"Horizons M\u00e9dias","article_modified_time":"2025-06-01T12:37:32+00:00","twitter_card":"summary_large_image","schema":{"@context":"https:\/\/schema.org","@graph":[{"@type":"WebPage","@id":"https:\/\/www.coachwp.fr\/pierre-et-vacances\/sitotheque\/","url":"https:\/\/www.coachwp.fr\/pierre-et-vacances\/sitotheque\/","name":"Sitoth\u00e8que - Horizons M\u00e9dias","isPartOf":{"@id":"https:\/\/www.coachwp.fr\/pierre-et-vacances\/#website"},"datePublished":"2025-05-06T13:11:07+00:00","dateModified":"2025-06-01T12:37:32+00:00","breadcrumb":{"@id":"https:\/\/www.coachwp.fr\/pierre-et-vacances\/sitotheque\/#breadcrumb"},"inLanguage":"fr-FR","potentialAction":[{"@type":"ReadAction","target":["https:\/\/www.coachwp.fr\/pierre-et-vacances\/sitotheque\/"]}]},{"@type":"BreadcrumbList","@id":"https:\/\/www.coachwp.fr\/pierre-et-vacances\/sitotheque\/#breadcrumb","itemListElement":[{"@type":"ListItem","position":1,"name":"Accueil","item":"https:\/\/www.coachwp.fr\/pierre-et-vacances\/"},{"@type":"ListItem","position":2,"name":"Sitoth\u00e8que"}]},{"@type":"WebSite","@id":"https:\/\/www.coachwp.fr\/pierre-et-vacances\/#website","url":"https:\/\/www.coachwp.fr\/pierre-et-vacances\/","name":"Horizons M\u00e9dias","description":"Votre source d&#039;information sur le Groupe Pierre &amp; Vacances-Center Parcs","potentialAction":[{"@type":"SearchAction","target":{"@type":"EntryPoint","urlTemplate":"https:\/\/www.coachwp.fr\/pierre-et-vacances\/?s={search_term_string}"},"query-input":{"@type":"PropertyValueSpecification","valueRequired":true,"valueName":"search_term_string"}}],"inLanguage":"fr-FR"}]}},"_links":{"self":[{"href":"https:\/\/www.coachwp.fr\/pierre-et-vacances\/wp-json\/wp\/v2\/pages\/283","targetHints":{"allow":["GET"]}}],"collection":[{"href":"https:\/\/www.coachwp.fr\/pierre-et-vacances\/wp-json\/wp\/v2\/pages"}],"about":[{"href":"https:\/\/www.coachwp.fr\/pierre-et-vacances\/wp-json\/wp\/v2\/types\/page"}],"author":[{"embeddable":true,"href":"https:\/\/www.coachwp.fr\/pierre-et-vacances\/wp-json\/wp\/v2\/users\/4"}],"replies":[{"embeddable":true,"href":"https:\/\/www.coachwp.fr\/pierre-et-vacances\/wp-json\/wp\/v2\/comments?post=283"}],"version-history":[{"count":19,"href":"https:\/\/www.coachwp.fr\/pierre-et-vacances\/wp-json\/wp\/v2\/pages\/283\/revisions"}],"predecessor-version":[{"id":1874,"href":"https:\/\/www.coachwp.fr\/pierre-et-vacances\/wp-json\/wp\/v2\/pages\/283\/revisions\/1874"}],"wp:attachment":[{"href":"https:\/\/www.coachwp.fr\/pierre-et-vacances\/wp-json\/wp\/v2\/media?parent=283"}],"curies":[{"name":"wp","href":"https:\/\/api.w.org\/{rel}","templated":true}]}}