{"id":277,"date":"2025-05-06T13:10:25","date_gmt":"2025-05-06T13:10:25","guid":{"rendered":"https:\/\/www.coachwp.fr\/pierre-et-vacances\/?page_id=277"},"modified":"2025-06-01T13:58:01","modified_gmt":"2025-06-01T13:58:01","slug":"horizons-medias","status":"publish","type":"page","link":"https:\/\/www.coachwp.fr\/pierre-et-vacances\/horizons-medias\/","title":{"rendered":"Horizons M\u00e9dias"},"content":{"rendered":"<p>[et_pb_section fb_built=\u00a0\u00bb1&Prime; admin_label=\u00a0\u00bbAbout\u00a0\u00bb _builder_version=\u00a0\u00bb4.22.0&Prime; _module_preset=\u00a0\u00bbdefault\u00a0\u00bb locked=\u00a0\u00bboff\u00a0\u00bb collapsed=\u00a0\u00bbon\u00a0\u00bb global_colors_info=\u00a0\u00bb{}\u00a0\u00bb][et_pb_row _builder_version=\u00a0\u00bb4.27.4&Prime; _module_preset=\u00a0\u00bbdefault\u00a0\u00bb width=\u00a0\u00bb100%\u00a0\u00bb max_width=\u00a0\u00bb1180px\u00a0\u00bb min_height=\u00a0\u00bb126.5px\u00a0\u00bb custom_padding=\u00a0\u00bb57px||57px||true|\u00a0\u00bb global_colors_info=\u00a0\u00bb{}\u00a0\u00bb][et_pb_column type=\u00a0\u00bb4_4&Prime; _builder_version=\u00a0\u00bb4.22.0&Prime; _module_preset=\u00a0\u00bbdefault\u00a0\u00bb global_colors_info=\u00a0\u00bb{}\u00a0\u00bb][et_pb_heading title=\u00a0\u00bbBienvenue chez Horizons M\u00e9dias\u00a0\u00bb _builder_version=\u00a0\u00bb4.27.4&Prime; _module_preset=\u00a0\u00bbdefault\u00a0\u00bb title_text_align=\u00a0\u00bbcenter\u00a0\u00bb title_font_size=\u00a0\u00bb43px\u00a0\u00bb global_colors_info=\u00a0\u00bb{}\u00a0\u00bb][\/et_pb_heading][\/et_pb_column][\/et_pb_row][et_pb_row column_structure=\u00a0\u00bb1_2,1_2&Prime; _builder_version=\u00a0\u00bb4.22.0&Prime; _module_preset=\u00a0\u00bbdefault\u00a0\u00bb width=\u00a0\u00bb100%\u00a0\u00bb max_width=\u00a0\u00bb1180px\u00a0\u00bb min_height=\u00a0\u00bb126.5px\u00a0\u00bb custom_padding=\u00a0\u00bb5px||5px||true|\u00a0\u00bb global_colors_info=\u00a0\u00bb{}\u00a0\u00bb][et_pb_column type=\u00a0\u00bb1_2&Prime; _builder_version=\u00a0\u00bb4.22.0&Prime; _module_preset=\u00a0\u00bbdefault\u00a0\u00bb global_colors_info=\u00a0\u00bb{}\u00a0\u00bb][et_pb_image src=\u00a0\u00bbhttps:\/\/www.coachwp.fr\/pierre-et-vacances\/wp-content\/uploads\/2025\/05\/Presentation-05.jpg\u00a0\u00bb title_text=\u00a0\u00bbPresentation 05&Prime; show_bottom_space=\u00a0\u00bboff\u00a0\u00bb _builder_version=\u00a0\u00bb4.27.4&Prime; _module_preset=\u00a0\u00bbdefault\u00a0\u00bb width=\u00a0\u00bb80%\u00a0\u00bb border_radii=\u00a0\u00bbon|30px|30px|30px|30px\u00a0\u00bb global_colors_info=\u00a0\u00bb{}\u00a0\u00bb][\/et_pb_image][et_pb_image src=\u00a0\u00bbhttps:\/\/www.coachwp.fr\/pierre-et-vacances\/wp-content\/uploads\/2025\/05\/Presentation03.jpg\u00a0\u00bb title_text=\u00a0\u00bbPresentation03&Prime; _builder_version=\u00a0\u00bb4.27.4&Prime; _module_preset=\u00a0\u00bbdefault\u00a0\u00bb positioning=\u00a0\u00bbabsolute\u00a0\u00bb position_origin_a=\u00a0\u00bbbottom_right\u00a0\u00bb width=\u00a0\u00bb40%\u00a0\u00bb custom_margin=\u00a0\u00bb|22px||0px|false|false\u00a0\u00bb custom_padding=\u00a0\u00bb||30px|0px|false|false\u00a0\u00bb border_radii=\u00a0\u00bbon|30px|30px|30px|30px\u00a0\u00bb global_colors_info=\u00a0\u00bb{}\u00a0\u00bb][\/et_pb_image][\/et_pb_column][et_pb_column type=\u00a0\u00bb1_2&Prime; _builder_version=\u00a0\u00bb4.22.0&Prime; _module_preset=\u00a0\u00bbdefault\u00a0\u00bb global_colors_info=\u00a0\u00bb{}\u00a0\u00bb][et_pb_text _builder_version=\u00a0\u00bb4.27.4&Prime; _module_preset=\u00a0\u00bbac363a56-eeb7-41d0-9b0f-5a4a2b62c7e3&Prime; text_orientation=\u00a0\u00bbcenter\u00a0\u00bb global_colors_info=\u00a0\u00bb{}\u00a0\u00bb]<\/p>\n<p style=\"text-align: justify;\">Ce dossier documentaire num\u00e9rique, consacr\u00e9<strong>\u00a0au secteur du tourisme et de l&rsquo;h\u00e9bergement<\/strong>, apporte un \u00e9clairage sur un acteur majeur : <strong>le Groupe Pierre &amp; Vacances &#8211; Center Parcs<\/strong>. Gr\u00e2ce \u00e0 une selection de ressources vari\u00e9es, il vous aide \u00e0 mieux saisir les enjeux et \u00e9volutions du secteur et du Groupe.<\/p>\n<p style=\"text-align: justify;\"><strong>La r\u00e9daction d&rsquo;Horizon M\u00e9dias est compos\u00e9e de 5 professionnels de la documentation<\/strong>, r\u00e9unis autour d&rsquo;une m\u00eame ambition : vous offrir une information fiable, claire et d\u00e9taill\u00e9e.<\/p>\n<p>[\/et_pb_text][\/et_pb_column][\/et_pb_row][et_pb_row _builder_version=\u00a0\u00bb4.27.4&Prime; _module_preset=\u00a0\u00bbdefault\u00a0\u00bb width=\u00a0\u00bb100%\u00a0\u00bb max_width=\u00a0\u00bb1180px\u00a0\u00bb min_height=\u00a0\u00bb126.5px\u00a0\u00bb custom_padding=\u00a0\u00bb44px||44px||true|\u00a0\u00bb global_colors_info=\u00a0\u00bb{}\u00a0\u00bb][et_pb_column type=\u00a0\u00bb4_4&Prime; _builder_version=\u00a0\u00bb4.22.0&Prime; _module_preset=\u00a0\u00bbdefault\u00a0\u00bb global_colors_info=\u00a0\u00bb{}\u00a0\u00bb][et_pb_text _builder_version=\u00a0\u00bb4.27.4&Prime; _module_preset=\u00a0\u00bbc1ccfd77-cac1-4faa-8e41-20d723f81385&Prime; text_font=\u00a0\u00bb&#8211;et_global_body_font||on||||||\u00a0\u00bb text_text_color=\u00a0\u00bb#016577&Prime; text_font_size=\u00a0\u00bb22px\u00a0\u00bb text_letter_spacing=\u00a0\u00bb1px\u00a0\u00bb width=\u00a0\u00bb100%\u00a0\u00bb custom_margin=\u00a0\u00bb||10px||false|false\u00a0\u00bb locked=\u00a0\u00bboff\u00a0\u00bb global_colors_info=\u00a0\u00bb{}\u00a0\u00bb]<\/p>\n<p style=\"text-align: center;\"><b>L&rsquo;\u00e9quipe de r\u00e9daction<\/b><\/p>\n<p>[\/et_pb_text][\/et_pb_column][\/et_pb_row][et_pb_row column_structure=\u00a0\u00bb1_5,1_5,1_5,1_5,1_5&Prime; _builder_version=\u00a0\u00bb4.27.4&Prime; _module_preset=\u00a0\u00bbdefault\u00a0\u00bb width=\u00a0\u00bb100%\u00a0\u00bb max_width=\u00a0\u00bb1180px\u00a0\u00bb min_height=\u00a0\u00bb126.5px\u00a0\u00bb custom_padding=\u00a0\u00bb3px||3px||true|\u00a0\u00bb locked=\u00a0\u00bboff\u00a0\u00bb global_colors_info=\u00a0\u00bb{}\u00a0\u00bb][et_pb_column type=\u00a0\u00bb1_5&Prime; _builder_version=\u00a0\u00bb4.22.0&Prime; _module_preset=\u00a0\u00bbdefault\u00a0\u00bb global_colors_info=\u00a0\u00bb{}\u00a0\u00bb][et_pb_image src=\u00a0\u00bbhttps:\/\/www.coachwp.fr\/pierre-et-vacances\/wp-content\/uploads\/2025\/05\/2.png\u00a0\u00bb title_text=\u00a0\u00bb2&Prime; _builder_version=\u00a0\u00bb4.27.4&Prime; _module_preset=\u00a0\u00bbdefault\u00a0\u00bb global_colors_info=\u00a0\u00bb{}\u00a0\u00bb][\/et_pb_image][et_pb_text _builder_version=\u00a0\u00bb4.27.4&Prime; _module_preset=\u00a0\u00bbdefault\u00a0\u00bb text_font_size=\u00a0\u00bb16px\u00a0\u00bb global_colors_info=\u00a0\u00bb{}\u00a0\u00bb]<\/p>\n<p style=\"text-align: center;\"><strong><\/strong><\/p>\n<p style=\"text-align: center;\"><strong>Maxime BOUFFET<\/strong><\/p>\n<p style=\"text-align: center;\">Retrouvez son article<strong><a href=\"https:\/\/www.coachwp.fr\/pierre-et-vacances\/2025\/05\/06\/pvcp-reduction-impact-environnemental\/\" target=\"_blank\" rel=\"noopener\"> ici<\/a><\/strong><\/p>\n<p>[\/et_pb_text][\/et_pb_column][et_pb_column type=\u00a0\u00bb1_5&Prime; _builder_version=\u00a0\u00bb4.27.4&Prime; _module_preset=\u00a0\u00bbdefault\u00a0\u00bb global_colors_info=\u00a0\u00bb{}\u00a0\u00bb][et_pb_image src=\u00a0\u00bbhttps:\/\/www.coachwp.fr\/pierre-et-vacances\/wp-content\/uploads\/2025\/05\/5.png\u00a0\u00bb title_text=\u00a0\u00bb5&Prime; _builder_version=\u00a0\u00bb4.27.4&Prime; _module_preset=\u00a0\u00bbdefault\u00a0\u00bb global_colors_info=\u00a0\u00bb{}\u00a0\u00bb][\/et_pb_image][et_pb_text _builder_version=\u00a0\u00bb4.27.4&Prime; _module_preset=\u00a0\u00bbdefault\u00a0\u00bb text_font_size=\u00a0\u00bb16px\u00a0\u00bb global_colors_info=\u00a0\u00bb{}\u00a0\u00bb]<\/p>\n<p style=\"text-align: center;\"><strong><\/strong><\/p>\n<p style=\"text-align: center;\"><strong>Thomas GOBILLON<\/strong><\/p>\n<p style=\"text-align: center;\">Retrouvez son article<a href=\"https:\/\/www.coachwp.fr\/pierre-et-vacances\/2025\/05\/06\/sujet-n2\/\" target=\"_blank\" rel=\"noopener\"><strong> ici<\/strong><\/a><\/p>\n<p>[\/et_pb_text][\/et_pb_column][et_pb_column type=\u00a0\u00bb1_5&Prime; _builder_version=\u00a0\u00bb4.22.0&Prime; _module_preset=\u00a0\u00bbdefault\u00a0\u00bb global_colors_info=\u00a0\u00bb{}\u00a0\u00bb][et_pb_image src=\u00a0\u00bbhttps:\/\/www.coachwp.fr\/pierre-et-vacances\/wp-content\/uploads\/2025\/05\/3.png\u00a0\u00bb title_text=\u00a0\u00bb3&Prime; _builder_version=\u00a0\u00bb4.27.4&Prime; _module_preset=\u00a0\u00bbdefault\u00a0\u00bb global_colors_info=\u00a0\u00bb{}\u00a0\u00bb][\/et_pb_image][et_pb_text _builder_version=\u00a0\u00bb4.27.4&Prime; _module_preset=\u00a0\u00bbdefault\u00a0\u00bb text_font_size=\u00a0\u00bb16px\u00a0\u00bb global_colors_info=\u00a0\u00bb{}\u00a0\u00bb]<\/p>\n<p style=\"text-align: center;\"><strong><\/strong><\/p>\n<p style=\"text-align: center;\"><strong>Donna <\/strong><strong>TRAORE<\/strong><\/p>\n<p style=\"text-align: center;\">Retrouvez son article<a href=\"https:\/\/www.coachwp.fr\/pierre-et-vacances\/2025\/05\/06\/le-groupe-pvcp-engager-nos-collaborateurs\/\" target=\"_blank\" rel=\"noopener\"><strong> ici<\/strong><\/a><\/p>\n<p>[\/et_pb_text][\/et_pb_column][et_pb_column type=\u00a0\u00bb1_5&Prime; _builder_version=\u00a0\u00bb4.22.0&Prime; _module_preset=\u00a0\u00bbdefault\u00a0\u00bb global_colors_info=\u00a0\u00bb{}\u00a0\u00bb][et_pb_image src=\u00a0\u00bbhttps:\/\/www.coachwp.fr\/pierre-et-vacances\/wp-content\/uploads\/2025\/05\/1.png\u00a0\u00bb title_text=\u00a0\u00bb1&Prime; _builder_version=\u00a0\u00bb4.27.4&Prime; _module_preset=\u00a0\u00bbdefault\u00a0\u00bb global_colors_info=\u00a0\u00bb{}\u00a0\u00bb][\/et_pb_image][et_pb_text _builder_version=\u00a0\u00bb4.27.4&Prime; _module_preset=\u00a0\u00bbdefault\u00a0\u00bb text_font_size=\u00a0\u00bb16px\u00a0\u00bb global_colors_info=\u00a0\u00bb{}\u00a0\u00bb]<\/p>\n<p style=\"text-align: center;\"><strong>Eug\u00e9nie VANDENBUSSCHE<\/strong><\/p>\n<p style=\"text-align: center;\">Retrouvez son article <strong><a href=\"https:\/\/www.coachwp.fr\/pierre-et-vacances\/2025\/05\/06\/le-groupe-pvcp-contribution-aux-territoires\/\" target=\"_blank\" rel=\"noopener\">ici<\/a><\/strong><\/p>\n<p>[\/et_pb_text][\/et_pb_column][et_pb_column type=\u00a0\u00bb1_5&Prime; _builder_version=\u00a0\u00bb4.22.0&Prime; _module_preset=\u00a0\u00bbdefault\u00a0\u00bb global_colors_info=\u00a0\u00bb{}\u00a0\u00bb][et_pb_image src=\u00a0\u00bbhttps:\/\/www.coachwp.fr\/pierre-et-vacances\/wp-content\/uploads\/2025\/05\/4.png\u00a0\u00bb title_text=\u00a0\u00bb4&Prime; _builder_version=\u00a0\u00bb4.27.4&Prime; _module_preset=\u00a0\u00bbdefault\u00a0\u00bb global_colors_info=\u00a0\u00bb{}\u00a0\u00bb][\/et_pb_image][et_pb_text _builder_version=\u00a0\u00bb4.27.4&Prime; _module_preset=\u00a0\u00bbdefault\u00a0\u00bb text_font_size=\u00a0\u00bb16px\u00a0\u00bb global_colors_info=\u00a0\u00bb{}\u00a0\u00bb]<\/p>\n<p style=\"text-align: center;\"><strong>Ga\u00eblle WLODARCZYK<\/strong><\/p>\n<p style=\"text-align: center;\">Retrouvez son article<strong> <a href=\"https:\/\/www.coachwp.fr\/pierre-et-vacances\/2025\/05\/06\/developpement-asset-light\/\" target=\"_blank\" rel=\"noopener\">ici<\/a><\/strong><\/p>\n<p>[\/et_pb_text][\/et_pb_column][\/et_pb_row][\/et_pb_section]<\/p>\n","protected":false},"excerpt":{"rendered":"<p>Ce dossier documentaire num\u00e9rique, consacr\u00e9\u00a0au secteur du tourisme et de l&rsquo;h\u00e9bergement, apporte un \u00e9clairage sur un acteur majeur : le Groupe Pierre &amp; Vacances &#8211; Center Parcs. Gr\u00e2ce \u00e0 une selection de ressources vari\u00e9es, il vous aide \u00e0 mieux saisir les enjeux et \u00e9volutions du secteur et du Groupe. La r\u00e9daction d&rsquo;Horizon M\u00e9dias est compos\u00e9e [&hellip;]<\/p>\n","protected":false},"author":4,"featured_media":0,"parent":0,"menu_order":0,"comment_status":"closed","ping_status":"closed","template":"","meta":{"_et_pb_use_builder":"on","_et_pb_old_content":"<!-- wp:divi\/placeholder \/-->","_et_gb_content_width":"","footnotes":""},"class_list":["post-277","page","type-page","status-publish","hentry"],"yoast_head":"<!-- This site is optimized with the Yoast SEO plugin v25.2 - https:\/\/yoast.com\/wordpress\/plugins\/seo\/ -->\n<title>Horizons M\u00e9dias - Horizons M\u00e9dias<\/title>\n<meta name=\"robots\" content=\"index, follow, max-snippet:-1, max-image-preview:large, max-video-preview:-1\" \/>\n<link rel=\"canonical\" href=\"https:\/\/www.coachwp.fr\/pierre-et-vacances\/horizons-medias\/\" \/>\n<meta property=\"og:locale\" content=\"fr_FR\" \/>\n<meta property=\"og:type\" content=\"article\" \/>\n<meta property=\"og:title\" content=\"Horizons M\u00e9dias - Horizons M\u00e9dias\" \/>\n<meta property=\"og:description\" content=\"Ce dossier documentaire num\u00e9rique, consacr\u00e9\u00a0au secteur du tourisme et de l&#039;h\u00e9bergement, apporte un \u00e9clairage sur un acteur majeur : le Groupe Pierre &amp; Vacances - Center Parcs. Gr\u00e2ce \u00e0 une selection de ressources vari\u00e9es, il vous aide \u00e0 mieux saisir les enjeux et \u00e9volutions du secteur et du Groupe. La r\u00e9daction d&#039;Horizon M\u00e9dias est compos\u00e9e [&hellip;]\" \/>\n<meta property=\"og:url\" content=\"https:\/\/www.coachwp.fr\/pierre-et-vacances\/horizons-medias\/\" \/>\n<meta property=\"og:site_name\" content=\"Horizons M\u00e9dias\" \/>\n<meta property=\"article:modified_time\" content=\"2025-06-01T13:58:01+00:00\" \/>\n<meta name=\"twitter:card\" content=\"summary_large_image\" \/>\n<script type=\"application\/ld+json\" class=\"yoast-schema-graph\">{\"@context\":\"https:\/\/schema.org\",\"@graph\":[{\"@type\":\"WebPage\",\"@id\":\"https:\/\/www.coachwp.fr\/pierre-et-vacances\/horizons-medias\/\",\"url\":\"https:\/\/www.coachwp.fr\/pierre-et-vacances\/horizons-medias\/\",\"name\":\"Horizons M\u00e9dias - Horizons M\u00e9dias\",\"isPartOf\":{\"@id\":\"https:\/\/www.coachwp.fr\/pierre-et-vacances\/#website\"},\"datePublished\":\"2025-05-06T13:10:25+00:00\",\"dateModified\":\"2025-06-01T13:58:01+00:00\",\"breadcrumb\":{\"@id\":\"https:\/\/www.coachwp.fr\/pierre-et-vacances\/horizons-medias\/#breadcrumb\"},\"inLanguage\":\"fr-FR\",\"potentialAction\":[{\"@type\":\"ReadAction\",\"target\":[\"https:\/\/www.coachwp.fr\/pierre-et-vacances\/horizons-medias\/\"]}]},{\"@type\":\"BreadcrumbList\",\"@id\":\"https:\/\/www.coachwp.fr\/pierre-et-vacances\/horizons-medias\/#breadcrumb\",\"itemListElement\":[{\"@type\":\"ListItem\",\"position\":1,\"name\":\"Accueil\",\"item\":\"https:\/\/www.coachwp.fr\/pierre-et-vacances\/\"},{\"@type\":\"ListItem\",\"position\":2,\"name\":\"Horizons M\u00e9dias\"}]},{\"@type\":\"WebSite\",\"@id\":\"https:\/\/www.coachwp.fr\/pierre-et-vacances\/#website\",\"url\":\"https:\/\/www.coachwp.fr\/pierre-et-vacances\/\",\"name\":\"Horizons M\u00e9dias\",\"description\":\"Votre source d&#039;information sur le Groupe Pierre &amp; Vacances-Center Parcs\",\"potentialAction\":[{\"@type\":\"SearchAction\",\"target\":{\"@type\":\"EntryPoint\",\"urlTemplate\":\"https:\/\/www.coachwp.fr\/pierre-et-vacances\/?s={search_term_string}\"},\"query-input\":{\"@type\":\"PropertyValueSpecification\",\"valueRequired\":true,\"valueName\":\"search_term_string\"}}],\"inLanguage\":\"fr-FR\"}]}<\/script>\n<!-- \/ Yoast SEO plugin. -->","yoast_head_json":{"title":"Horizons M\u00e9dias - Horizons M\u00e9dias","robots":{"index":"index","follow":"follow","max-snippet":"max-snippet:-1","max-image-preview":"max-image-preview:large","max-video-preview":"max-video-preview:-1"},"canonical":"https:\/\/www.coachwp.fr\/pierre-et-vacances\/horizons-medias\/","og_locale":"fr_FR","og_type":"article","og_title":"Horizons M\u00e9dias - Horizons M\u00e9dias","og_description":"Ce dossier documentaire num\u00e9rique, consacr\u00e9\u00a0au secteur du tourisme et de l'h\u00e9bergement, apporte un \u00e9clairage sur un acteur majeur : le Groupe Pierre &amp; Vacances - Center Parcs. Gr\u00e2ce \u00e0 une selection de ressources vari\u00e9es, il vous aide \u00e0 mieux saisir les enjeux et \u00e9volutions du secteur et du Groupe. La r\u00e9daction d'Horizon M\u00e9dias est compos\u00e9e [&hellip;]","og_url":"https:\/\/www.coachwp.fr\/pierre-et-vacances\/horizons-medias\/","og_site_name":"Horizons M\u00e9dias","article_modified_time":"2025-06-01T13:58:01+00:00","twitter_card":"summary_large_image","schema":{"@context":"https:\/\/schema.org","@graph":[{"@type":"WebPage","@id":"https:\/\/www.coachwp.fr\/pierre-et-vacances\/horizons-medias\/","url":"https:\/\/www.coachwp.fr\/pierre-et-vacances\/horizons-medias\/","name":"Horizons M\u00e9dias - Horizons M\u00e9dias","isPartOf":{"@id":"https:\/\/www.coachwp.fr\/pierre-et-vacances\/#website"},"datePublished":"2025-05-06T13:10:25+00:00","dateModified":"2025-06-01T13:58:01+00:00","breadcrumb":{"@id":"https:\/\/www.coachwp.fr\/pierre-et-vacances\/horizons-medias\/#breadcrumb"},"inLanguage":"fr-FR","potentialAction":[{"@type":"ReadAction","target":["https:\/\/www.coachwp.fr\/pierre-et-vacances\/horizons-medias\/"]}]},{"@type":"BreadcrumbList","@id":"https:\/\/www.coachwp.fr\/pierre-et-vacances\/horizons-medias\/#breadcrumb","itemListElement":[{"@type":"ListItem","position":1,"name":"Accueil","item":"https:\/\/www.coachwp.fr\/pierre-et-vacances\/"},{"@type":"ListItem","position":2,"name":"Horizons M\u00e9dias"}]},{"@type":"WebSite","@id":"https:\/\/www.coachwp.fr\/pierre-et-vacances\/#website","url":"https:\/\/www.coachwp.fr\/pierre-et-vacances\/","name":"Horizons M\u00e9dias","description":"Votre source d&#039;information sur le Groupe Pierre &amp; Vacances-Center Parcs","potentialAction":[{"@type":"SearchAction","target":{"@type":"EntryPoint","urlTemplate":"https:\/\/www.coachwp.fr\/pierre-et-vacances\/?s={search_term_string}"},"query-input":{"@type":"PropertyValueSpecification","valueRequired":true,"valueName":"search_term_string"}}],"inLanguage":"fr-FR"}]}},"_links":{"self":[{"href":"https:\/\/www.coachwp.fr\/pierre-et-vacances\/wp-json\/wp\/v2\/pages\/277","targetHints":{"allow":["GET"]}}],"collection":[{"href":"https:\/\/www.coachwp.fr\/pierre-et-vacances\/wp-json\/wp\/v2\/pages"}],"about":[{"href":"https:\/\/www.coachwp.fr\/pierre-et-vacances\/wp-json\/wp\/v2\/types\/page"}],"author":[{"embeddable":true,"href":"https:\/\/www.coachwp.fr\/pierre-et-vacances\/wp-json\/wp\/v2\/users\/4"}],"replies":[{"embeddable":true,"href":"https:\/\/www.coachwp.fr\/pierre-et-vacances\/wp-json\/wp\/v2\/comments?post=277"}],"version-history":[{"count":12,"href":"https:\/\/www.coachwp.fr\/pierre-et-vacances\/wp-json\/wp\/v2\/pages\/277\/revisions"}],"predecessor-version":[{"id":1864,"href":"https:\/\/www.coachwp.fr\/pierre-et-vacances\/wp-json\/wp\/v2\/pages\/277\/revisions\/1864"}],"wp:attachment":[{"href":"https:\/\/www.coachwp.fr\/pierre-et-vacances\/wp-json\/wp\/v2\/media?parent=277"}],"curies":[{"name":"wp","href":"https:\/\/api.w.org\/{rel}","templated":true}]}}