{"id":234,"date":"2025-05-06T12:57:47","date_gmt":"2025-05-06T12:57:47","guid":{"rendered":"https:\/\/www.coachwp.fr\/pierre-et-vacances\/?page_id=234"},"modified":"2025-06-01T14:01:50","modified_gmt":"2025-06-01T14:01:50","slug":"coup-de-projecteur-sur","status":"publish","type":"page","link":"https:\/\/www.coachwp.fr\/pierre-et-vacances\/coup-de-projecteur-sur\/","title":{"rendered":"Focus sur"},"content":{"rendered":"<p>[et_pb_section fb_built=\u00a0\u00bb1&Prime; admin_label=\u00a0\u00bbAbout\u00a0\u00bb _builder_version=\u00a0\u00bb4.22.0&Prime; _module_preset=\u00a0\u00bbdefault\u00a0\u00bb locked=\u00a0\u00bboff\u00a0\u00bb collapsed=\u00a0\u00bbon\u00a0\u00bb global_colors_info=\u00a0\u00bb{}\u00a0\u00bb][et_pb_row _builder_version=\u00a0\u00bb4.27.4&Prime; _module_preset=\u00a0\u00bbdefault\u00a0\u00bb width=\u00a0\u00bb100%\u00a0\u00bb max_width=\u00a0\u00bb1180px\u00a0\u00bb min_height=\u00a0\u00bb79.5px\u00a0\u00bb custom_padding=\u00a0\u00bb13px||13px||true|\u00a0\u00bb global_colors_info=\u00a0\u00bb{}\u00a0\u00bb][et_pb_column type=\u00a0\u00bb4_4&Prime; _builder_version=\u00a0\u00bb4.22.0&Prime; _module_preset=\u00a0\u00bbdefault\u00a0\u00bb global_colors_info=\u00a0\u00bb{}\u00a0\u00bb][et_pb_heading title=\u00a0\u00bbCap sur la strat\u00e9gie R\u00e9invention !\u00a0\u00bb _builder_version=\u00a0\u00bb4.27.4&Prime; _module_preset=\u00a0\u00bbdefault\u00a0\u00bb title_text_align=\u00a0\u00bbcenter\u00a0\u00bb title_font_size=\u00a0\u00bb43px\u00a0\u00bb global_colors_info=\u00a0\u00bb{}\u00a0\u00bb][\/et_pb_heading][\/et_pb_column][\/et_pb_row][et_pb_row _builder_version=\u00a0\u00bb4.27.4&Prime; _module_preset=\u00a0\u00bbdefault\u00a0\u00bb width=\u00a0\u00bb100%\u00a0\u00bb max_width=\u00a0\u00bb1180px\u00a0\u00bb min_height=\u00a0\u00bb244px\u00a0\u00bb custom_margin=\u00a0\u00bb|auto|-59px|auto||\u00a0\u00bb custom_padding=\u00a0\u00bb6px||0px|||\u00a0\u00bb locked=\u00a0\u00bboff\u00a0\u00bb global_colors_info=\u00a0\u00bb{}\u00a0\u00bb][et_pb_column type=\u00a0\u00bb4_4&Prime; _builder_version=\u00a0\u00bb4.22.0&Prime; _module_preset=\u00a0\u00bbdefault\u00a0\u00bb global_colors_info=\u00a0\u00bb{}\u00a0\u00bb][et_pb_text _builder_version=\u00a0\u00bb4.27.4&Prime; _module_preset=\u00a0\u00bbac363a56-eeb7-41d0-9b0f-5a4a2b62c7e3&Prime; global_colors_info=\u00a0\u00bb{}\u00a0\u00bb]<\/p>\n<p style=\"text-align: justify;\"><span>Pour r\u00e9pondre aux nouvelles attentes des clients et aux \u00e9volutions du secteur touristique, le Groupe Pierre &amp; Vacances-Center Parcs (PVCP) a su se r\u00e9inventer en pla\u00e7ant le<a href=\"https:\/\/www.coachwp.fr\/pierre-et-vacances\/enjeux-strategie\/\" target=\"_blank\" rel=\"noopener\"><strong> tourisme de proximit\u00e9 \u00e0 impact positif<\/strong> <\/a>au c\u0153ur\u00a0de sa strat\u00e9gie,\u00a0 en tant que levier \u00e9conomique et \u00e9cologique.\u00a0 En 2021, le Groupe a lanc\u00e9 son plan strat\u00e9gique intitul\u00e9 <strong>\u00ab\u00a0R\u00e9invention\u00a0\u00bb <\/strong>qui comprends \u00e9galement <strong>la feuille de route RSE<\/strong> de l&rsquo;entreprise. En 2024, cette strat\u00e9gie s&rsquo;acc\u00e9l\u00e8re avec le second volet, intitul\u00e9<\/span><span><strong> \u00ab\u00a0Beyond R\u00e9invention\u00a0\u00bb.<\/strong><\/span><\/p>\n<p style=\"text-align: justify;\"><span><strong>Voici une s\u00e9lection d\u2019articles organis\u00e9e autour de cinq axes strat\u00e9giques.<\/strong><\/span><\/p>\n<p style=\"text-align: justify;\"><span><\/span><\/p>\n<p>[\/et_pb_text][\/et_pb_column][\/et_pb_row][et_pb_row _builder_version=\u00a0\u00bb4.27.4&Prime; _module_preset=\u00a0\u00bbdefault\u00a0\u00bb custom_padding=\u00a0\u00bb13px||0px|||\u00a0\u00bb hover_enabled=\u00a0\u00bb0&Prime; global_colors_info=\u00a0\u00bb{}\u00a0\u00bb link_option_url_new_window=\u00a0\u00bbon\u00a0\u00bb sticky_enabled=\u00a0\u00bb0&Prime;][et_pb_column type=\u00a0\u00bb4_4&Prime; _builder_version=\u00a0\u00bb4.27.4&Prime; _module_preset=\u00a0\u00bbdefault\u00a0\u00bb global_colors_info=\u00a0\u00bb{}\u00a0\u00bb][et_pb_post_slider posts_number=\u00a0\u00bb5&Prime; include_categories=\u00a0\u00bbcurrent\u00a0\u00bb show_image=\u00a0\u00bboff\u00a0\u00bb _builder_version=\u00a0\u00bb4.27.4&Prime; _module_preset=\u00a0\u00bbdefault\u00a0\u00bb use_background_color_gradient=\u00a0\u00bbon\u00a0\u00bb background_color_gradient_stops=\u00a0\u00bbrgba(0,0,0,0) 0%|rgba(12,2,2,0.49) 100%\u00a0\u00bb background_color_gradient_overlays_image=\u00a0\u00bbon\u00a0\u00bb background_image=\u00a0\u00bbhttps:\/\/www.coachwp.fr\/pierre-et-vacances\/wp-content\/uploads\/2025\/05\/paysage.jpg\u00a0\u00bb custom_padding=\u00a0\u00bb130px|||||\u00a0\u00bb link_option_url_new_window=\u00a0\u00bbon\u00a0\u00bb hover_enabled=\u00a0\u00bb0&Prime; border_radii=\u00a0\u00bbon|30px|30px|30px|30px\u00a0\u00bb global_colors_info=\u00a0\u00bb{}\u00a0\u00bb sticky_enabled=\u00a0\u00bb0&Prime;][\/et_pb_post_slider][\/et_pb_column][\/et_pb_row][\/et_pb_section]<\/p>\n","protected":false},"excerpt":{"rendered":"<p>Pour r\u00e9pondre aux nouvelles attentes des clients et aux \u00e9volutions du secteur touristique, le Groupe Pierre &amp; Vacances-Center Parcs (PVCP) a su se r\u00e9inventer en pla\u00e7ant le tourisme de proximit\u00e9 \u00e0 impact positif au c\u0153ur\u00a0de sa strat\u00e9gie,\u00a0 en tant que levier \u00e9conomique et \u00e9cologique.\u00a0 En 2021, le Groupe a lanc\u00e9 son plan strat\u00e9gique intitul\u00e9 \u00ab\u00a0R\u00e9invention\u00a0\u00bb [&hellip;]<\/p>\n","protected":false},"author":4,"featured_media":0,"parent":0,"menu_order":0,"comment_status":"closed","ping_status":"closed","template":"","meta":{"_et_pb_use_builder":"on","_et_pb_old_content":"","_et_gb_content_width":"","footnotes":""},"class_list":["post-234","page","type-page","status-publish","hentry"],"yoast_head":"<!-- This site is optimized with the Yoast SEO plugin v25.2 - https:\/\/yoast.com\/wordpress\/plugins\/seo\/ -->\n<title>Focus sur - Horizons M\u00e9dias<\/title>\n<meta name=\"robots\" content=\"index, follow, max-snippet:-1, max-image-preview:large, max-video-preview:-1\" \/>\n<link rel=\"canonical\" href=\"https:\/\/www.coachwp.fr\/pierre-et-vacances\/coup-de-projecteur-sur\/\" \/>\n<meta property=\"og:locale\" content=\"fr_FR\" \/>\n<meta property=\"og:type\" content=\"article\" \/>\n<meta property=\"og:title\" content=\"Focus sur - Horizons M\u00e9dias\" \/>\n<meta property=\"og:description\" content=\"Pour r\u00e9pondre aux nouvelles attentes des clients et aux \u00e9volutions du secteur touristique, le Groupe Pierre &amp; Vacances-Center Parcs (PVCP) a su se r\u00e9inventer en pla\u00e7ant le tourisme de proximit\u00e9 \u00e0 impact positif au c\u0153ur\u00a0de sa strat\u00e9gie,\u00a0 en tant que levier \u00e9conomique et \u00e9cologique.\u00a0 En 2021, le Groupe a lanc\u00e9 son plan strat\u00e9gique intitul\u00e9 &quot;R\u00e9invention&quot; [&hellip;]\" \/>\n<meta property=\"og:url\" content=\"https:\/\/www.coachwp.fr\/pierre-et-vacances\/coup-de-projecteur-sur\/\" \/>\n<meta property=\"og:site_name\" content=\"Horizons M\u00e9dias\" \/>\n<meta property=\"article:modified_time\" content=\"2025-06-01T14:01:50+00:00\" \/>\n<meta name=\"twitter:card\" content=\"summary_large_image\" \/>\n<script type=\"application\/ld+json\" class=\"yoast-schema-graph\">{\"@context\":\"https:\/\/schema.org\",\"@graph\":[{\"@type\":\"WebPage\",\"@id\":\"https:\/\/www.coachwp.fr\/pierre-et-vacances\/coup-de-projecteur-sur\/\",\"url\":\"https:\/\/www.coachwp.fr\/pierre-et-vacances\/coup-de-projecteur-sur\/\",\"name\":\"Focus sur - Horizons M\u00e9dias\",\"isPartOf\":{\"@id\":\"https:\/\/www.coachwp.fr\/pierre-et-vacances\/#website\"},\"datePublished\":\"2025-05-06T12:57:47+00:00\",\"dateModified\":\"2025-06-01T14:01:50+00:00\",\"breadcrumb\":{\"@id\":\"https:\/\/www.coachwp.fr\/pierre-et-vacances\/coup-de-projecteur-sur\/#breadcrumb\"},\"inLanguage\":\"fr-FR\",\"potentialAction\":[{\"@type\":\"ReadAction\",\"target\":[\"https:\/\/www.coachwp.fr\/pierre-et-vacances\/coup-de-projecteur-sur\/\"]}]},{\"@type\":\"BreadcrumbList\",\"@id\":\"https:\/\/www.coachwp.fr\/pierre-et-vacances\/coup-de-projecteur-sur\/#breadcrumb\",\"itemListElement\":[{\"@type\":\"ListItem\",\"position\":1,\"name\":\"Accueil\",\"item\":\"https:\/\/www.coachwp.fr\/pierre-et-vacances\/\"},{\"@type\":\"ListItem\",\"position\":2,\"name\":\"Focus sur\"}]},{\"@type\":\"WebSite\",\"@id\":\"https:\/\/www.coachwp.fr\/pierre-et-vacances\/#website\",\"url\":\"https:\/\/www.coachwp.fr\/pierre-et-vacances\/\",\"name\":\"Horizons M\u00e9dias\",\"description\":\"Votre source d&#039;information sur le Groupe Pierre &amp; Vacances-Center Parcs\",\"potentialAction\":[{\"@type\":\"SearchAction\",\"target\":{\"@type\":\"EntryPoint\",\"urlTemplate\":\"https:\/\/www.coachwp.fr\/pierre-et-vacances\/?s={search_term_string}\"},\"query-input\":{\"@type\":\"PropertyValueSpecification\",\"valueRequired\":true,\"valueName\":\"search_term_string\"}}],\"inLanguage\":\"fr-FR\"}]}<\/script>\n<!-- \/ Yoast SEO plugin. -->","yoast_head_json":{"title":"Focus sur - Horizons M\u00e9dias","robots":{"index":"index","follow":"follow","max-snippet":"max-snippet:-1","max-image-preview":"max-image-preview:large","max-video-preview":"max-video-preview:-1"},"canonical":"https:\/\/www.coachwp.fr\/pierre-et-vacances\/coup-de-projecteur-sur\/","og_locale":"fr_FR","og_type":"article","og_title":"Focus sur - Horizons M\u00e9dias","og_description":"Pour r\u00e9pondre aux nouvelles attentes des clients et aux \u00e9volutions du secteur touristique, le Groupe Pierre &amp; Vacances-Center Parcs (PVCP) a su se r\u00e9inventer en pla\u00e7ant le tourisme de proximit\u00e9 \u00e0 impact positif au c\u0153ur\u00a0de sa strat\u00e9gie,\u00a0 en tant que levier \u00e9conomique et \u00e9cologique.\u00a0 En 2021, le Groupe a lanc\u00e9 son plan strat\u00e9gique intitul\u00e9 \"R\u00e9invention\" [&hellip;]","og_url":"https:\/\/www.coachwp.fr\/pierre-et-vacances\/coup-de-projecteur-sur\/","og_site_name":"Horizons M\u00e9dias","article_modified_time":"2025-06-01T14:01:50+00:00","twitter_card":"summary_large_image","schema":{"@context":"https:\/\/schema.org","@graph":[{"@type":"WebPage","@id":"https:\/\/www.coachwp.fr\/pierre-et-vacances\/coup-de-projecteur-sur\/","url":"https:\/\/www.coachwp.fr\/pierre-et-vacances\/coup-de-projecteur-sur\/","name":"Focus sur - Horizons M\u00e9dias","isPartOf":{"@id":"https:\/\/www.coachwp.fr\/pierre-et-vacances\/#website"},"datePublished":"2025-05-06T12:57:47+00:00","dateModified":"2025-06-01T14:01:50+00:00","breadcrumb":{"@id":"https:\/\/www.coachwp.fr\/pierre-et-vacances\/coup-de-projecteur-sur\/#breadcrumb"},"inLanguage":"fr-FR","potentialAction":[{"@type":"ReadAction","target":["https:\/\/www.coachwp.fr\/pierre-et-vacances\/coup-de-projecteur-sur\/"]}]},{"@type":"BreadcrumbList","@id":"https:\/\/www.coachwp.fr\/pierre-et-vacances\/coup-de-projecteur-sur\/#breadcrumb","itemListElement":[{"@type":"ListItem","position":1,"name":"Accueil","item":"https:\/\/www.coachwp.fr\/pierre-et-vacances\/"},{"@type":"ListItem","position":2,"name":"Focus sur"}]},{"@type":"WebSite","@id":"https:\/\/www.coachwp.fr\/pierre-et-vacances\/#website","url":"https:\/\/www.coachwp.fr\/pierre-et-vacances\/","name":"Horizons M\u00e9dias","description":"Votre source d&#039;information sur le Groupe Pierre &amp; Vacances-Center Parcs","potentialAction":[{"@type":"SearchAction","target":{"@type":"EntryPoint","urlTemplate":"https:\/\/www.coachwp.fr\/pierre-et-vacances\/?s={search_term_string}"},"query-input":{"@type":"PropertyValueSpecification","valueRequired":true,"valueName":"search_term_string"}}],"inLanguage":"fr-FR"}]}},"_links":{"self":[{"href":"https:\/\/www.coachwp.fr\/pierre-et-vacances\/wp-json\/wp\/v2\/pages\/234","targetHints":{"allow":["GET"]}}],"collection":[{"href":"https:\/\/www.coachwp.fr\/pierre-et-vacances\/wp-json\/wp\/v2\/pages"}],"about":[{"href":"https:\/\/www.coachwp.fr\/pierre-et-vacances\/wp-json\/wp\/v2\/types\/page"}],"author":[{"embeddable":true,"href":"https:\/\/www.coachwp.fr\/pierre-et-vacances\/wp-json\/wp\/v2\/users\/4"}],"replies":[{"embeddable":true,"href":"https:\/\/www.coachwp.fr\/pierre-et-vacances\/wp-json\/wp\/v2\/comments?post=234"}],"version-history":[{"count":15,"href":"https:\/\/www.coachwp.fr\/pierre-et-vacances\/wp-json\/wp\/v2\/pages\/234\/revisions"}],"predecessor-version":[{"id":1924,"href":"https:\/\/www.coachwp.fr\/pierre-et-vacances\/wp-json\/wp\/v2\/pages\/234\/revisions\/1924"}],"wp:attachment":[{"href":"https:\/\/www.coachwp.fr\/pierre-et-vacances\/wp-json\/wp\/v2\/media?parent=234"}],"curies":[{"name":"wp","href":"https:\/\/api.w.org\/{rel}","templated":true}]}}