{"id":1028,"date":"2025-05-13T12:45:28","date_gmt":"2025-05-13T12:45:28","guid":{"rendered":"https:\/\/www.coachwp.fr\/l-oreal\/?page_id=1028"},"modified":"2025-05-30T10:53:12","modified_gmt":"2025-05-30T10:53:12","slug":"complement-article-carole","status":"publish","type":"page","link":"https:\/\/www.coachwp.fr\/l-oreal\/complement-article-carole\/","title":{"rendered":"Compl\u00e9ment Article Carole"},"content":{"rendered":"<p>[et_pb_section fb_built=\u00a0\u00bb1&Prime; admin_label=\u00a0\u00bbHeader\u00a0\u00bb _builder_version=\u00a0\u00bb4.27.4&Prime; background_image=\u00a0\u00bbhttps:\/\/www.coachwp.fr\/l-oreal\/wp-content\/uploads\/2025\/05\/hzz7aeylhzk-1.jpg\u00a0\u00bb module_alignment=\u00a0\u00bbcenter\u00a0\u00bb height=\u00a0\u00bb260px\u00a0\u00bb custom_padding=\u00a0\u00bb||||false|false\u00a0\u00bb locked=\u00a0\u00bboff\u00a0\u00bb global_colors_info=\u00a0\u00bb{}\u00a0\u00bb][et_pb_row make_equal=\u00a0\u00bbon\u00a0\u00bb _builder_version=\u00a0\u00bb4.27.4&Prime; module_alignment=\u00a0\u00bbcenter\u00a0\u00bb custom_margin=\u00a0\u00bb|1px|||false|false\u00a0\u00bb global_colors_info=\u00a0\u00bb{}\u00a0\u00bb][et_pb_column type=\u00a0\u00bb4_4&Prime; _builder_version=\u00a0\u00bb4.16&Prime; global_colors_info=\u00a0\u00bb{}\u00a0\u00bb][et_pb_text _builder_version=\u00a0\u00bb4.27.4&Prime; header_font=\u00a0\u00bbDarker Grotesque|900|||||||\u00a0\u00bb header_text_align=\u00a0\u00bbcenter\u00a0\u00bb header_font_size=\u00a0\u00bb75px\u00a0\u00bb background_layout=\u00a0\u00bbdark\u00a0\u00bb module_alignment=\u00a0\u00bbcenter\u00a0\u00bb custom_margin=\u00a0\u00bb||||false|false\u00a0\u00bb header_font_size_tablet=\u00a0\u00bb70px\u00a0\u00bb header_font_size_phone=\u00a0\u00bb41px\u00a0\u00bb header_font_size_last_edited=\u00a0\u00bbon|phone\u00a0\u00bb global_colors_info=\u00a0\u00bb{}\u00a0\u00bb]<\/p>\n<h1 style=\"text-align: center;\">Compl\u00e9ments aux articles<\/h1>\n<p>[\/et_pb_text][\/et_pb_column][\/et_pb_row][\/et_pb_section][et_pb_section fb_built=\u00a0\u00bb1&Prime; _builder_version=\u00a0\u00bb4.27.4&Prime; _module_preset=\u00a0\u00bbdefault\u00a0\u00bb global_colors_info=\u00a0\u00bb{}\u00a0\u00bb][et_pb_row _builder_version=\u00a0\u00bb4.27.4&Prime; _module_preset=\u00a0\u00bbdefault\u00a0\u00bb global_colors_info=\u00a0\u00bb{}\u00a0\u00bb][et_pb_column type=\u00a0\u00bb4_4&Prime; _builder_version=\u00a0\u00bb4.27.4&Prime; _module_preset=\u00a0\u00bbdefault\u00a0\u00bb global_colors_info=\u00a0\u00bb{}\u00a0\u00bb][et_pb_image src=\u00a0\u00bbhttps:\/\/www.coachwp.fr\/l-oreal\/wp-content\/uploads\/2025\/05\/12-principes-chimie-verte-1.png\u00a0\u00bb alt=\u00a0\u00bbLes 12 principes de la chimie verte\u00a0\u00bb title_text=\u00a0\u00bbSource : production personnelle Carole Balloud\u00a0\u00bb align=\u00a0\u00bbcenter\u00a0\u00bb src_tablet=\u00a0\u00bbhttps:\/\/www.coachwp.fr\/l-oreal\/wp-content\/uploads\/2025\/05\/chimie-verte-pour-article.png\u00a0\u00bb src_phone=\u00a0\u00bbhttps:\/\/www.coachwp.fr\/l-oreal\/wp-content\/uploads\/2025\/05\/chimie-verte-pour-article.png\u00a0\u00bb src_last_edited=\u00a0\u00bbon|desktop\u00a0\u00bb module_id=\u00a0\u00bbchimieverte\u00a0\u00bb _builder_version=\u00a0\u00bb4.27.4&Prime; _module_preset=\u00a0\u00bbdefault\u00a0\u00bb background_color=\u00a0\u00bb#FFFFFF\u00a0\u00bb width=\u00a0\u00bb75%\u00a0\u00bb hover_enabled=\u00a0\u00bb0&Prime; global_colors_info=\u00a0\u00bb{}\u00a0\u00bb src__hover_enabled=\u00a0\u00bbon|desktop\u00a0\u00bb src__hover=\u00a0\u00bbhttps:\/\/www.coachwp.fr\/l-oreal\/wp-content\/uploads\/2025\/05\/chimie-verte-pour-article.png\u00a0\u00bb sticky_enabled=\u00a0\u00bb0&Prime;][\/et_pb_image][\/et_pb_column][\/et_pb_row][\/et_pb_section][et_pb_section fb_built=\u00a0\u00bb1&Prime; admin_label=\u00a0\u00bbApp\u00a0\u00bb _builder_version=\u00a0\u00bb4.27.4&Prime; background_color=\u00a0\u00bb#FFFFFF\u00a0\u00bb background_enable_image=\u00a0\u00bboff\u00a0\u00bb parallax=\u00a0\u00bbon\u00a0\u00bb custom_margin=\u00a0\u00bb-50px||||false|false\u00a0\u00bb locked=\u00a0\u00bboff\u00a0\u00bb global_colors_info=\u00a0\u00bb{}\u00a0\u00bb][et_pb_row _builder_version=\u00a0\u00bb4.27.4&Prime; global_colors_info=\u00a0\u00bb{}\u00a0\u00bb][et_pb_column type=\u00a0\u00bb4_4&Prime; _builder_version=\u00a0\u00bb4.16&Prime; global_colors_info=\u00a0\u00bb{}\u00a0\u00bb][et_pb_blurb title=\u00a0\u00bbQu\u2019est-ce que le protocole GES?\u00a0\u00bb icon_placement=\u00a0\u00bbleft\u00a0\u00bb image_icon_width=\u00a0\u00bb64px\u00a0\u00bb content_max_width=\u00a0\u00bb100%\u00a0\u00bb image_icon_width_tablet=\u00a0\u00bb64px\u00a0\u00bb image_icon_width_phone=\u00a0\u00bb32px\u00a0\u00bb image_icon_width_last_edited=\u00a0\u00bbon|tablet\u00a0\u00bb module_id=\u00a0\u00bbcomplementGHG\u00a0\u00bb _builder_version=\u00a0\u00bb4.27.4&Prime; header_font=\u00a0\u00bbDarker Grotesque|900|||||||\u00a0\u00bb header_font_size=\u00a0\u00bb22px\u00a0\u00bb header_line_height=\u00a0\u00bb1.4em\u00a0\u00bb body_font=\u00a0\u00bbDarker Grotesque|600|||||||\u00a0\u00bb body_font_size=\u00a0\u00bb18px\u00a0\u00bb body_line_height=\u00a0\u00bb1.4em\u00a0\u00bb background_color=\u00a0\u00bb#f8f5f1&Prime; custom_padding=\u00a0\u00bb40px|20px|40px|20px|true|true\u00a0\u00bb animation=\u00a0\u00bboff\u00a0\u00bb link_option_url=\u00a0\u00bb#\u00a0\u00bb image_max_width=\u00a0\u00bb64px\u00a0\u00bb image_max_width_tablet=\u00a0\u00bb\u00a0\u00bb image_max_width_phone=\u00a0\u00bb32px\u00a0\u00bb image_max_width_last_edited=\u00a0\u00bbon|tablet\u00a0\u00bb global_colors_info=\u00a0\u00bb{}\u00a0\u00bb]<\/p>\n<p>Le protocole GES (ou protocole des gaz \u00e0 effet de serre ou GHG Protocol pour Greenhouse Gas Protocol en anglais) est la norme internationale de r\u00e9f\u00e9rence pour la comptabilisation et le reporting des \u00e9missions de gaz \u00e0 effet de serre des organisations.<\/p>\n<p>Il d\u00e9finit trois p\u00e9rim\u00e8tres d\u2019\u00e9missions, appel\u00e9s scopes 1, 2 et 3<em> :<\/em><\/p>\n<ul>\n<li><u>Scope 1<\/u>: regroupe les \u00e9missions directes de gaz \u00e0 effet de serre issues des sources poss\u00e9d\u00e9es ou contr\u00f4l\u00e9es par l\u2019entreprise, comme la combustion de carburant dans ses propres chaudi\u00e8res, v\u00e9hicules ou installations industrielles.<\/li>\n<li><u>Scope 2<\/u>: \u00e9missions indirectes li\u00e9es \u00e0 l\u2019\u00e9nergie achet\u00e9e par l\u2019entreprise.<\/li>\n<li style=\"text-align: justify;\"><u>Scope 3<\/u>: autres \u00e9missions indirectes telles que celles li\u00e9es \u00e0 l\u2019achat de biens et services, au transport, \u00e0 l\u2019utilisation et \u00e0 la fin de vie des produits vendus. Ce scope est souvent le plus important et n\u00e9cessite d\u2019impliquer fournisseurs, partenaires et clients dans la d\u00e9marche de r\u00e9duction des \u00e9missions.<\/li>\n<\/ul>\n<p>[\/et_pb_blurb][\/et_pb_column][\/et_pb_row][\/et_pb_section][et_pb_section fb_built=\u00a0\u00bb1&Prime; admin_label=\u00a0\u00bbFooter\u00a0\u00bb _builder_version=\u00a0\u00bb4.27.4&Prime; background_color=\u00a0\u00bb#f8f5f1&Prime; background_enable_image=\u00a0\u00bboff\u00a0\u00bb locked=\u00a0\u00bboff\u00a0\u00bb global_colors_info=\u00a0\u00bb{}\u00a0\u00bb][et_pb_row _builder_version=\u00a0\u00bb4.16&Prime; locked=\u00a0\u00bboff\u00a0\u00bb global_colors_info=\u00a0\u00bb{}\u00a0\u00bb][et_pb_column type=\u00a0\u00bb4_4&Prime; _builder_version=\u00a0\u00bb4.16&Prime; global_colors_info=\u00a0\u00bb{}\u00a0\u00bb][et_pb_text _builder_version=\u00a0\u00bb4.27.4&Prime; _module_preset=\u00a0\u00bbdefault\u00a0\u00bb text_font_size=\u00a0\u00bb22px\u00a0\u00bb global_colors_info=\u00a0\u00bb{}\u00a0\u00bb]<\/p>\n<p><strong>Sources<\/strong><\/p>\n<p>[\/et_pb_text][et_pb_text _builder_version=\u00a0\u00bb4.27.4&Prime; _module_preset=\u00a0\u00bbdefault\u00a0\u00bb global_colors_info=\u00a0\u00bb{}\u00a0\u00bb]<\/p>\n<p>BPI France (2024, 26 avril). <em>Scope 1, 2 et 3 du bilan carbone : d\u00e9finition, p\u00e9rim\u00e8tres, exemple<\/em>s. <a href=\"https:\/\/bigmedia.bpifrance.fr\/nos-dossiers\/scope-1-2-et-3-du-bilan-carbone-definition-perimetres-exemples\">https:\/\/bigmedia.bpifrance.fr\/nos-dossiers\/scope-1-2-et-3-du-bilan-carbone-definition-perimetres-exemples<\/a><\/p>\n<p>BPI France (2024, 29 mars). <em>GHG Protocol : outil de calcul des \u00e9missions de GES en entreprise<\/em>.\u00a0 <a href=\"https:\/\/bigmedia.bpifrance.fr\/nos-dossiers\/ghg-protocol-outil-de-calcul-des-emissions-de-ges-en-entreprise\">https:\/\/bigmedia.bpifrance.fr\/nos-dossiers\/ghg-protocol-outil-de-calcul-des-emissions-de-ges-en-entreprise<\/a><\/p>\n<p>BPI France (2024, 9 janvier). <em>Chimie verte : d\u00e9finition, principes, exemples d&rsquo;entreprise<\/em>. <a href=\"https:\/\/bigmedia.bpifrance.fr\/nos-dossiers\/chimie-verte-definition-principes-exemples-dentreprise\">https:\/\/bigmedia.bpifrance.fr\/nos-dossiers\/chimie-verte-definition-principes-exemples-dentreprise<\/a><\/p>\n<p>GreenHouse Gas Protocol. <a href=\"https:\/\/ghgprotocol.org\">https:\/\/ghgprotocol.org<\/a><\/p>\n<p>&nbsp;<\/p>\n<p>[\/et_pb_text][\/et_pb_column][\/et_pb_row][\/et_pb_section][et_pb_section fb_built=\u00a0\u00bb1&Prime; _builder_version=\u00a0\u00bb4.27.4&Prime; _module_preset=\u00a0\u00bbdefault\u00a0\u00bb min_height=\u00a0\u00bb21px\u00a0\u00bb custom_margin=\u00a0\u00bb0px||0px||false|false\u00a0\u00bb custom_padding=\u00a0\u00bb0px||0px||false|false\u00a0\u00bb global_colors_info=\u00a0\u00bb{}\u00a0\u00bb][et_pb_row column_structure=\u00a0\u00bb3_5,2_5&Prime; _builder_version=\u00a0\u00bb4.27.4&Prime; _module_preset=\u00a0\u00bbdefault\u00a0\u00bb custom_margin=\u00a0\u00bb10px||0px||false|false\u00a0\u00bb custom_padding=\u00a0\u00bb10px||0px||false|false\u00a0\u00bb global_colors_info=\u00a0\u00bb{}\u00a0\u00bb][et_pb_column type=\u00a0\u00bb3_5&Prime; _builder_version=\u00a0\u00bb4.27.4&Prime; _module_preset=\u00a0\u00bbdefault\u00a0\u00bb global_colors_info=\u00a0\u00bb{}\u00a0\u00bb][et_pb_menu menu_id=\u00a0\u00bb10&Prime; _builder_version=\u00a0\u00bb4.27.4&Prime; _module_preset=\u00a0\u00bbdefault\u00a0\u00bb global_colors_info=\u00a0\u00bb{}\u00a0\u00bb][\/et_pb_menu][\/et_pb_column][et_pb_column type=\u00a0\u00bb2_5&Prime; _builder_version=\u00a0\u00bb4.27.4&Prime; _module_preset=\u00a0\u00bbdefault\u00a0\u00bb global_colors_info=\u00a0\u00bb{}\u00a0\u00bb][et_pb_image src=\u00a0\u00bbhttps:\/\/www.coachwp.fr\/l-oreal\/wp-content\/uploads\/2025\/05\/Capture-decran-2025-05-08-a-20.11.42.png\u00a0\u00bb title_text=\u00a0\u00bbCapture d\u2019e\u0301cran 2025-05-08 a\u0300 20.11.42&Prime; align=\u00a0\u00bbright\u00a0\u00bb _builder_version=\u00a0\u00bb4.27.4&Prime; _module_preset=\u00a0\u00bbdefault\u00a0\u00bb width=\u00a0\u00bb100%\u00a0\u00bb module_alignment=\u00a0\u00bbright\u00a0\u00bb custom_padding=\u00a0\u00bb||||false|false\u00a0\u00bb global_colors_info=\u00a0\u00bb{}\u00a0\u00bb][\/et_pb_image][\/et_pb_column][\/et_pb_row][\/et_pb_section]<\/p>\n","protected":false},"excerpt":{"rendered":"<p>Compl\u00e9ments aux articlesLe protocole GES (ou protocole des gaz \u00e0 effet de serre ou GHG Protocol pour Greenhouse Gas Protocol en anglais) est la norme internationale de r\u00e9f\u00e9rence pour la comptabilisation et le reporting des \u00e9missions de gaz \u00e0 effet de serre des organisations. Il d\u00e9finit trois p\u00e9rim\u00e8tres d\u2019\u00e9missions, appel\u00e9s scopes 1, 2 et 3 [&hellip;]<\/p>\n","protected":false},"author":3,"featured_media":0,"parent":0,"menu_order":0,"comment_status":"closed","ping_status":"closed","template":"","meta":{"_et_pb_use_builder":"on","_et_pb_old_content":"<!-- wp:divi\/placeholder \/-->","_et_gb_content_width":"","footnotes":""},"class_list":["post-1028","page","type-page","status-publish","hentry"],"yoast_head":"<!-- This site is optimized with the Yoast SEO plugin v24.9 - https:\/\/yoast.com\/wordpress\/plugins\/seo\/ -->\n<title>Compl\u00e9ment Article Carole - L&#039;Or\u00e9al<\/title>\n<meta name=\"robots\" content=\"noindex, follow, max-snippet:-1, max-image-preview:large, max-video-preview:-1\" \/>\n<meta property=\"og:locale\" content=\"fr_FR\" \/>\n<meta property=\"og:type\" content=\"article\" \/>\n<meta property=\"og:title\" content=\"Compl\u00e9ment Article Carole - L&#039;Or\u00e9al\" \/>\n<meta property=\"og:description\" content=\"Compl\u00e9ments aux articlesLe protocole GES (ou protocole des gaz \u00e0 effet de serre ou GHG Protocol pour Greenhouse Gas Protocol en anglais) est la norme internationale de r\u00e9f\u00e9rence pour la comptabilisation et le reporting des \u00e9missions de gaz \u00e0 effet de serre des organisations. Il d\u00e9finit trois p\u00e9rim\u00e8tres d\u2019\u00e9missions, appel\u00e9s scopes 1, 2 et 3 [&hellip;]\" \/>\n<meta property=\"og:url\" content=\"https:\/\/www.coachwp.fr\/l-oreal\/complement-article-carole\/\" \/>\n<meta property=\"og:site_name\" content=\"L&#039;Or\u00e9al\" \/>\n<meta property=\"article:modified_time\" content=\"2025-05-30T10:53:12+00:00\" \/>\n<meta name=\"twitter:card\" content=\"summary_large_image\" \/>\n<script type=\"application\/ld+json\" class=\"yoast-schema-graph\">{\"@context\":\"https:\/\/schema.org\",\"@graph\":[{\"@type\":\"WebPage\",\"@id\":\"https:\/\/www.coachwp.fr\/l-oreal\/complement-article-carole\/\",\"url\":\"https:\/\/www.coachwp.fr\/l-oreal\/complement-article-carole\/\",\"name\":\"Compl\u00e9ment Article Carole - L'Or\u00e9al\",\"isPartOf\":{\"@id\":\"https:\/\/www.coachwp.fr\/l-oreal\/#website\"},\"datePublished\":\"2025-05-13T12:45:28+00:00\",\"dateModified\":\"2025-05-30T10:53:12+00:00\",\"breadcrumb\":{\"@id\":\"https:\/\/www.coachwp.fr\/l-oreal\/complement-article-carole\/#breadcrumb\"},\"inLanguage\":\"fr-FR\",\"potentialAction\":[{\"@type\":\"ReadAction\",\"target\":[\"https:\/\/www.coachwp.fr\/l-oreal\/complement-article-carole\/\"]}]},{\"@type\":\"BreadcrumbList\",\"@id\":\"https:\/\/www.coachwp.fr\/l-oreal\/complement-article-carole\/#breadcrumb\",\"itemListElement\":[{\"@type\":\"ListItem\",\"position\":1,\"name\":\"Accueil\",\"item\":\"https:\/\/www.coachwp.fr\/l-oreal\/\"},{\"@type\":\"ListItem\",\"position\":2,\"name\":\"Compl\u00e9ment Article Carole\"}]},{\"@type\":\"WebSite\",\"@id\":\"https:\/\/www.coachwp.fr\/l-oreal\/#website\",\"url\":\"https:\/\/www.coachwp.fr\/l-oreal\/\",\"name\":\"L'Or\u00e9al\",\"description\":\"DDSE\",\"potentialAction\":[{\"@type\":\"SearchAction\",\"target\":{\"@type\":\"EntryPoint\",\"urlTemplate\":\"https:\/\/www.coachwp.fr\/l-oreal\/?s={search_term_string}\"},\"query-input\":{\"@type\":\"PropertyValueSpecification\",\"valueRequired\":true,\"valueName\":\"search_term_string\"}}],\"inLanguage\":\"fr-FR\"}]}<\/script>\n<!-- \/ Yoast SEO plugin. -->","yoast_head_json":{"title":"Compl\u00e9ment Article Carole - L'Or\u00e9al","robots":{"index":"noindex","follow":"follow","max-snippet":"max-snippet:-1","max-image-preview":"max-image-preview:large","max-video-preview":"max-video-preview:-1"},"og_locale":"fr_FR","og_type":"article","og_title":"Compl\u00e9ment Article Carole - L'Or\u00e9al","og_description":"Compl\u00e9ments aux articlesLe protocole GES (ou protocole des gaz \u00e0 effet de serre ou GHG Protocol pour Greenhouse Gas Protocol en anglais) est la norme internationale de r\u00e9f\u00e9rence pour la comptabilisation et le reporting des \u00e9missions de gaz \u00e0 effet de serre des organisations. Il d\u00e9finit trois p\u00e9rim\u00e8tres d\u2019\u00e9missions, appel\u00e9s scopes 1, 2 et 3 [&hellip;]","og_url":"https:\/\/www.coachwp.fr\/l-oreal\/complement-article-carole\/","og_site_name":"L'Or\u00e9al","article_modified_time":"2025-05-30T10:53:12+00:00","twitter_card":"summary_large_image","schema":{"@context":"https:\/\/schema.org","@graph":[{"@type":"WebPage","@id":"https:\/\/www.coachwp.fr\/l-oreal\/complement-article-carole\/","url":"https:\/\/www.coachwp.fr\/l-oreal\/complement-article-carole\/","name":"Compl\u00e9ment Article Carole - L'Or\u00e9al","isPartOf":{"@id":"https:\/\/www.coachwp.fr\/l-oreal\/#website"},"datePublished":"2025-05-13T12:45:28+00:00","dateModified":"2025-05-30T10:53:12+00:00","breadcrumb":{"@id":"https:\/\/www.coachwp.fr\/l-oreal\/complement-article-carole\/#breadcrumb"},"inLanguage":"fr-FR","potentialAction":[{"@type":"ReadAction","target":["https:\/\/www.coachwp.fr\/l-oreal\/complement-article-carole\/"]}]},{"@type":"BreadcrumbList","@id":"https:\/\/www.coachwp.fr\/l-oreal\/complement-article-carole\/#breadcrumb","itemListElement":[{"@type":"ListItem","position":1,"name":"Accueil","item":"https:\/\/www.coachwp.fr\/l-oreal\/"},{"@type":"ListItem","position":2,"name":"Compl\u00e9ment Article Carole"}]},{"@type":"WebSite","@id":"https:\/\/www.coachwp.fr\/l-oreal\/#website","url":"https:\/\/www.coachwp.fr\/l-oreal\/","name":"L'Or\u00e9al","description":"DDSE","potentialAction":[{"@type":"SearchAction","target":{"@type":"EntryPoint","urlTemplate":"https:\/\/www.coachwp.fr\/l-oreal\/?s={search_term_string}"},"query-input":{"@type":"PropertyValueSpecification","valueRequired":true,"valueName":"search_term_string"}}],"inLanguage":"fr-FR"}]}},"_links":{"self":[{"href":"https:\/\/www.coachwp.fr\/l-oreal\/wp-json\/wp\/v2\/pages\/1028","targetHints":{"allow":["GET"]}}],"collection":[{"href":"https:\/\/www.coachwp.fr\/l-oreal\/wp-json\/wp\/v2\/pages"}],"about":[{"href":"https:\/\/www.coachwp.fr\/l-oreal\/wp-json\/wp\/v2\/types\/page"}],"author":[{"embeddable":true,"href":"https:\/\/www.coachwp.fr\/l-oreal\/wp-json\/wp\/v2\/users\/3"}],"replies":[{"embeddable":true,"href":"https:\/\/www.coachwp.fr\/l-oreal\/wp-json\/wp\/v2\/comments?post=1028"}],"version-history":[{"count":37,"href":"https:\/\/www.coachwp.fr\/l-oreal\/wp-json\/wp\/v2\/pages\/1028\/revisions"}],"predecessor-version":[{"id":4368,"href":"https:\/\/www.coachwp.fr\/l-oreal\/wp-json\/wp\/v2\/pages\/1028\/revisions\/4368"}],"wp:attachment":[{"href":"https:\/\/www.coachwp.fr\/l-oreal\/wp-json\/wp\/v2\/media?parent=1028"}],"curies":[{"name":"wp","href":"https:\/\/api.w.org\/{rel}","templated":true}]}}