{"id":59,"date":"2026-01-26T10:31:53","date_gmt":"2026-01-26T10:31:53","guid":{"rendered":"https:\/\/www.coachwp.fr\/ebd26g3\/?page_id=59"},"modified":"2026-02-09T12:06:43","modified_gmt":"2026-02-09T12:06:43","slug":"outils-km","status":"publish","type":"page","link":"https:\/\/www.coachwp.fr\/ebd26g3\/outils-km\/","title":{"rendered":"Outils Gestion des connaissances"},"content":{"rendered":"[et_pb_section admin_label=\u00a0\u00bbsection\u00a0\u00bb]\n\t\t\t[et_pb_row admin_label=\u00a0\u00bbrow\u00a0\u00bb]\n\t\t\t\t[et_pb_column type=\u00a0\u00bb4_4&Prime;][et_pb_text admin_label=\u00a0\u00bbText\u00a0\u00bb]\n<p class=\"has-text-align-center has-black-color has-text-color has-link-color has-medium-font-size wp-elements-686a44fade0b9b71cad7dd82122690be\"><em>D\u00e9couvrir, tester et analyser les outils de gestion et de partage des connaissances utilis\u00e9s dans les organisations.Le Knowledge Management vise \u00e0 capitaliser, structurer et diffuser les connaissances au sein des organisations. Cette rubrique pr\u00e9sente des outils KM test\u00e9s ou analys\u00e9s, en lien avec les pratiques des m\u00e9tiers de l\u2019information strat\u00e9gique et documentaire.<\/em><\/p>\n[\/et_pb_text][\/et_pb_column]\n\t\t\t[\/et_pb_row]\n\t\t[\/et_pb_section]","protected":false},"excerpt":{"rendered":"<p>D\u00e9couvrir, tester et analyser les outils de gestion et de partage des connaissances utilis\u00e9s dans les organisations.Le Knowledge Management vise \u00e0 capitaliser, structurer et diffuser les connaissances au sein des organisations. Cette rubrique pr\u00e9sente des outils KM test\u00e9s ou analys\u00e9s, en lien avec les pratiques des m\u00e9tiers de l\u2019information strat\u00e9gique et documentaire.<\/p>\n","protected":false},"author":4,"featured_media":0,"parent":0,"menu_order":0,"comment_status":"closed","ping_status":"closed","template":"","meta":{"_acf_changed":false,"_et_pb_use_builder":"on","_et_pb_old_content":"<!-- wp:paragraph {\"align\":\"center\",\"style\":{\"elements\":{\"link\":{\"color\":{\"text\":\"var:preset|color|black\"}}}},\"textColor\":\"black\",\"fontSize\":\"medium\"} -->\n<p class=\"has-text-align-center has-black-color has-text-color has-link-color has-medium-font-size\"><em>D\u00e9couvrir, tester et analyser les outils de gestion et de partage des connaissances utilis\u00e9s dans les organisations.Le Knowledge Management vise \u00e0 capitaliser, structurer et diffuser les connaissances au sein des organisations. Cette rubrique pr\u00e9sente des outils KM test\u00e9s ou analys\u00e9s, en lien avec les pratiques des m\u00e9tiers de l\u2019information strat\u00e9gique et documentaire.<\/em><\/p>\n<!-- \/wp:paragraph -->","_et_gb_content_width":"","_uag_custom_page_level_css":"","footnotes":""},"class_list":["post-59","page","type-page","status-publish","hentry"],"acf":[],"yoast_head":"<!-- This site is optimized with the Yoast SEO plugin v27.0 - https:\/\/yoast.com\/product\/yoast-seo-wordpress\/ -->\n<title>Outils Gestion des connaissances - M\u00e9tiersDoc<\/title>\n<meta name=\"robots\" content=\"index, follow, max-snippet:-1, max-image-preview:large, max-video-preview:-1\" \/>\n<link rel=\"canonical\" href=\"https:\/\/www.coachwp.fr\/ebd26g3\/outils-km\/\" \/>\n<meta property=\"og:locale\" content=\"fr_FR\" \/>\n<meta property=\"og:type\" content=\"article\" \/>\n<meta property=\"og:title\" content=\"Outils Gestion des connaissances - M\u00e9tiersDoc\" \/>\n<meta property=\"og:description\" content=\"D\u00e9couvrir, tester et analyser les outils de gestion et de partage des connaissances utilis\u00e9s dans les organisations.Le Knowledge Management vise \u00e0 capitaliser, structurer et diffuser les connaissances au sein des organisations. Cette rubrique pr\u00e9sente des outils KM test\u00e9s ou analys\u00e9s, en lien avec les pratiques des m\u00e9tiers de l\u2019information strat\u00e9gique et documentaire.\" \/>\n<meta property=\"og:url\" content=\"https:\/\/www.coachwp.fr\/ebd26g3\/outils-km\/\" \/>\n<meta property=\"og:site_name\" content=\"M\u00e9tiersDoc\" \/>\n<meta property=\"article:modified_time\" content=\"2026-02-09T12:06:43+00:00\" \/>\n<meta name=\"twitter:card\" content=\"summary_large_image\" \/>\n<meta name=\"twitter:label1\" content=\"Dur\u00e9e de lecture estim\u00e9e\" \/>\n\t<meta name=\"twitter:data1\" content=\"1 minute\" \/>\n<script type=\"application\/ld+json\" class=\"yoast-schema-graph\">{\"@context\":\"https:\/\/schema.org\",\"@graph\":[{\"@type\":\"WebPage\",\"@id\":\"https:\/\/www.coachwp.fr\/ebd26g3\/outils-km\/\",\"url\":\"https:\/\/www.coachwp.fr\/ebd26g3\/outils-km\/\",\"name\":\"Outils Gestion des connaissances - M\u00e9tiersDoc\",\"isPartOf\":{\"@id\":\"https:\/\/www.coachwp.fr\/ebd26g3\/#website\"},\"datePublished\":\"2026-01-26T10:31:53+00:00\",\"dateModified\":\"2026-02-09T12:06:43+00:00\",\"breadcrumb\":{\"@id\":\"https:\/\/www.coachwp.fr\/ebd26g3\/outils-km\/#breadcrumb\"},\"inLanguage\":\"fr-FR\",\"potentialAction\":[{\"@type\":\"ReadAction\",\"target\":[\"https:\/\/www.coachwp.fr\/ebd26g3\/outils-km\/\"]}]},{\"@type\":\"BreadcrumbList\",\"@id\":\"https:\/\/www.coachwp.fr\/ebd26g3\/outils-km\/#breadcrumb\",\"itemListElement\":[{\"@type\":\"ListItem\",\"position\":1,\"name\":\"Accueil\",\"item\":\"https:\/\/www.coachwp.fr\/ebd26g3\/\"},{\"@type\":\"ListItem\",\"position\":2,\"name\":\"Outils Gestion des connaissances\"}]},{\"@type\":\"WebSite\",\"@id\":\"https:\/\/www.coachwp.fr\/ebd26g3\/#website\",\"url\":\"https:\/\/www.coachwp.fr\/ebd26g3\/\",\"name\":\"M\u00e9tiersDoc\",\"description\":\"\",\"potentialAction\":[{\"@type\":\"SearchAction\",\"target\":{\"@type\":\"EntryPoint\",\"urlTemplate\":\"https:\/\/www.coachwp.fr\/ebd26g3\/?s={search_term_string}\"},\"query-input\":{\"@type\":\"PropertyValueSpecification\",\"valueRequired\":true,\"valueName\":\"search_term_string\"}}],\"inLanguage\":\"fr-FR\"}]}<\/script>\n<!-- \/ Yoast SEO plugin. -->","yoast_head_json":{"title":"Outils Gestion des connaissances - M\u00e9tiersDoc","robots":{"index":"index","follow":"follow","max-snippet":"max-snippet:-1","max-image-preview":"max-image-preview:large","max-video-preview":"max-video-preview:-1"},"canonical":"https:\/\/www.coachwp.fr\/ebd26g3\/outils-km\/","og_locale":"fr_FR","og_type":"article","og_title":"Outils Gestion des connaissances - M\u00e9tiersDoc","og_description":"D\u00e9couvrir, tester et analyser les outils de gestion et de partage des connaissances utilis\u00e9s dans les organisations.Le Knowledge Management vise \u00e0 capitaliser, structurer et diffuser les connaissances au sein des organisations. Cette rubrique pr\u00e9sente des outils KM test\u00e9s ou analys\u00e9s, en lien avec les pratiques des m\u00e9tiers de l\u2019information strat\u00e9gique et documentaire.","og_url":"https:\/\/www.coachwp.fr\/ebd26g3\/outils-km\/","og_site_name":"M\u00e9tiersDoc","article_modified_time":"2026-02-09T12:06:43+00:00","twitter_card":"summary_large_image","twitter_misc":{"Dur\u00e9e de lecture estim\u00e9e":"1 minute"},"schema":{"@context":"https:\/\/schema.org","@graph":[{"@type":"WebPage","@id":"https:\/\/www.coachwp.fr\/ebd26g3\/outils-km\/","url":"https:\/\/www.coachwp.fr\/ebd26g3\/outils-km\/","name":"Outils Gestion des connaissances - M\u00e9tiersDoc","isPartOf":{"@id":"https:\/\/www.coachwp.fr\/ebd26g3\/#website"},"datePublished":"2026-01-26T10:31:53+00:00","dateModified":"2026-02-09T12:06:43+00:00","breadcrumb":{"@id":"https:\/\/www.coachwp.fr\/ebd26g3\/outils-km\/#breadcrumb"},"inLanguage":"fr-FR","potentialAction":[{"@type":"ReadAction","target":["https:\/\/www.coachwp.fr\/ebd26g3\/outils-km\/"]}]},{"@type":"BreadcrumbList","@id":"https:\/\/www.coachwp.fr\/ebd26g3\/outils-km\/#breadcrumb","itemListElement":[{"@type":"ListItem","position":1,"name":"Accueil","item":"https:\/\/www.coachwp.fr\/ebd26g3\/"},{"@type":"ListItem","position":2,"name":"Outils Gestion des connaissances"}]},{"@type":"WebSite","@id":"https:\/\/www.coachwp.fr\/ebd26g3\/#website","url":"https:\/\/www.coachwp.fr\/ebd26g3\/","name":"M\u00e9tiersDoc","description":"","potentialAction":[{"@type":"SearchAction","target":{"@type":"EntryPoint","urlTemplate":"https:\/\/www.coachwp.fr\/ebd26g3\/?s={search_term_string}"},"query-input":{"@type":"PropertyValueSpecification","valueRequired":true,"valueName":"search_term_string"}}],"inLanguage":"fr-FR"}]}},"uagb_featured_image_src":{"full":false,"thumbnail":false,"medium":false,"medium_large":false,"large":false,"1536x1536":false,"2048x2048":false,"et-pb-post-main-image":false,"et-pb-post-main-image-fullwidth":false,"et-pb-portfolio-image":false,"et-pb-portfolio-module-image":false,"et-pb-portfolio-image-single":false,"et-pb-gallery-module-image-portrait":false,"et-pb-post-main-image-fullwidth-large":false,"et-pb-image--responsive--desktop":false,"et-pb-image--responsive--tablet":false,"et-pb-image--responsive--phone":false},"uagb_author_info":{"display_name":"Ikram Mnie Filali","author_link":"https:\/\/www.coachwp.fr\/ebd26g3\/author\/i-mnieebd-fr\/"},"uagb_comment_info":0,"uagb_excerpt":"D\u00e9couvrir, tester et analyser les outils de gestion et de partage des connaissances utilis\u00e9s dans les organisations.Le Knowledge Management vise \u00e0 capitaliser, structurer et diffuser les connaissances au sein des organisations. Cette rubrique pr\u00e9sente des outils KM test\u00e9s ou analys\u00e9s, en lien avec les pratiques des m\u00e9tiers de l\u2019information strat\u00e9gique et documentaire.","_links":{"self":[{"href":"https:\/\/www.coachwp.fr\/ebd26g3\/wp-json\/wp\/v2\/pages\/59","targetHints":{"allow":["GET"]}}],"collection":[{"href":"https:\/\/www.coachwp.fr\/ebd26g3\/wp-json\/wp\/v2\/pages"}],"about":[{"href":"https:\/\/www.coachwp.fr\/ebd26g3\/wp-json\/wp\/v2\/types\/page"}],"author":[{"embeddable":true,"href":"https:\/\/www.coachwp.fr\/ebd26g3\/wp-json\/wp\/v2\/users\/4"}],"replies":[{"embeddable":true,"href":"https:\/\/www.coachwp.fr\/ebd26g3\/wp-json\/wp\/v2\/comments?post=59"}],"version-history":[{"count":7,"href":"https:\/\/www.coachwp.fr\/ebd26g3\/wp-json\/wp\/v2\/pages\/59\/revisions"}],"predecessor-version":[{"id":480,"href":"https:\/\/www.coachwp.fr\/ebd26g3\/wp-json\/wp\/v2\/pages\/59\/revisions\/480"}],"wp:attachment":[{"href":"https:\/\/www.coachwp.fr\/ebd26g3\/wp-json\/wp\/v2\/media?parent=59"}],"curies":[{"name":"wp","href":"https:\/\/api.w.org\/{rel}","templated":true}]}}