{"id":44,"date":"2026-01-26T10:18:07","date_gmt":"2026-01-26T10:18:07","guid":{"rendered":"https:\/\/www.coachwp.fr\/ebd26g3\/?page_id=44"},"modified":"2026-02-17T13:47:44","modified_gmt":"2026-02-17T13:47:44","slug":"homepage","status":"publish","type":"page","link":"https:\/\/www.coachwp.fr\/ebd26g3\/","title":{"rendered":"Accueil"},"content":{"rendered":"[et_pb_section admin_label=\u00a0\u00bbsection\u00a0\u00bb]\n\t\t\t[et_pb_row admin_label=\u00a0\u00bbrow\u00a0\u00bb]\n\t\t\t\t[et_pb_column type=\u00a0\u00bb4_4&Prime;][et_pb_text admin_label=\u00a0\u00bbText\u00a0\u00bb]\n<div class=\"wp-block-uagb-container uagb-block-31c663cd alignfull uagb-is-root-container\"><div class=\"uagb-container-inner-blocks-wrap\">\n<details class=\"wp-block-details is-layout-flow wp-block-details-is-layout-flow\"><summary>Webinaire Archimag \u00ab\u00a0dd dddd oisodih\u00a0\u00bb par lsdhfmlqsd<\/summary>\n<details class=\"wp-block-details is-layout-flow wp-block-details-is-layout-flow\"><summary>26\/05\/2026 Table ronde ABD \u00a0\u00bbhmshdlf dfmqsjdbfm\u00a0\u00bb<\/summary>\n<p>bod\u00eehg\u00f4qsdosdnmlfkldk oqishdgmk qetmqkdnm qksndmlkn mlqsdmlkqnmlg mlnmqlsdnfmqsdnmqlngmqgnqmlng lsdkngmlsdngmdsmsdgl<\/p>\n<\/details>\n<\/details>\n\n\n\n<div class=\"wp-block-uagb-info-box uagb-block-c1968ef6 uagb-infobox__content-wrap  uagb-infobox-icon-above-title uagb-infobox-image-valign-top\"><div class=\"uagb-ifb-content\"><div class=\"uagb-ifb-icon-wrap\"><svg xmlns=\"https:\/\/www.w3.org\/2000\/svg\" viewBox=\"0 0 512 512\"><path d=\"M0 256C0 114.6 114.6 0 256 0C397.4 0 512 114.6 512 256C512 397.4 397.4 512 256 512C114.6 512 0 397.4 0 256zM371.8 211.8C382.7 200.9 382.7 183.1 371.8 172.2C360.9 161.3 343.1 161.3 332.2 172.2L224 280.4L179.8 236.2C168.9 225.3 151.1 225.3 140.2 236.2C129.3 247.1 129.3 264.9 140.2 275.8L204.2 339.8C215.1 350.7 232.9 350.7 243.8 339.8L371.8 211.8z\"><\/path><\/svg><\/div><div class=\"uagb-ifb-title-wrap\"><h3 class=\"uagb-ifb-title\">Info Box<\/h3><\/div><p class=\"uagb-ifb-desc\">Click here to change this text. Lorem ipsum dolor sit amet, consectetur adipiscing elit. Ut elit tellus, luctus nec ullamcorper mattis, pulvinar dapibus leo.<\/p><\/div><\/div>\n\n\n\n<div class=\"wp-block-uagb-info-box uagb-block-9ca33aa6 uagb-infobox__content-wrap  uagb-infobox-icon-above-title uagb-infobox-image-valign-top\"><div class=\"uagb-ifb-content\"><div class=\"uagb-ifb-icon-wrap\"><svg xmlns=\"https:\/\/www.w3.org\/2000\/svg\" viewBox=\"0 0 512 512\"><path d=\"M0 256C0 114.6 114.6 0 256 0C397.4 0 512 114.6 512 256C512 397.4 397.4 512 256 512C114.6 512 0 397.4 0 256zM371.8 211.8C382.7 200.9 382.7 183.1 371.8 172.2C360.9 161.3 343.1 161.3 332.2 172.2L224 280.4L179.8 236.2C168.9 225.3 151.1 225.3 140.2 236.2C129.3 247.1 129.3 264.9 140.2 275.8L204.2 339.8C215.1 350.7 232.9 350.7 243.8 339.8L371.8 211.8z\"><\/path><\/svg><\/div><div class=\"uagb-ifb-title-wrap\"><h3 class=\"uagb-ifb-title\">Info Box<\/h3><\/div><p class=\"uagb-ifb-desc\">Click here to change this text. Lorem ipsum dolor sit amet, consectetur adipiscing elit. Ut elit tellus, luctus nec ullamcorper mattis, pulvinar dapibus leo.<\/p><\/div><\/div>\n<\/div><\/div>\n[\/et_pb_text][\/et_pb_column]\n\t\t\t[\/et_pb_row]\n\t\t[\/et_pb_section]","protected":false},"excerpt":{"rendered":"<p>Webinaire Archimag \u00ab\u00a0dd dddd oisodih\u00a0\u00bb par lsdhfmlqsd 26\/05\/2026 Table ronde ABD \u00a0\u00bbhmshdlf dfmqsjdbfm\u00a0\u00bb bod\u00eehg\u00f4qsdosdnmlfkldk oqishdgmk qetmqkdnm qksndmlkn mlqsdmlkqnmlg mlnmqlsdnfmqsdnmqlngmqgnqmlng lsdkngmlsdngmdsmsdgl Info BoxClick here to change this text. Lorem ipsum dolor sit amet, consectetur adipiscing elit. Ut elit tellus, luctus nec ullamcorper mattis, pulvinar dapibus leo. Info BoxClick here to change this text. Lorem ipsum dolor [&hellip;]<\/p>\n","protected":false},"author":4,"featured_media":0,"parent":0,"menu_order":0,"comment_status":"closed","ping_status":"closed","template":"","meta":{"_acf_changed":false,"_et_pb_use_builder":"on","_et_pb_old_content":"<!-- wp:uagb\/container {\"block_id\":\"31c663cd\",\"directionDesktop\":\"row\",\"variationSelected\":true,\"isBlockRootParent\":true} -->\n<div class=\"wp-block-uagb-container uagb-block-31c663cd alignfull uagb-is-root-container\"><div class=\"uagb-container-inner-blocks-wrap\"><!-- wp:details -->\n<details class=\"wp-block-details\"><summary>Webinaire Archimag \"dd dddd oisodih\" par lsdhfmlqsd<\/summary><!-- wp:details -->\n<details class=\"wp-block-details\"><summary>26\/05\/2026 Table ronde ABD ''hmshdlf dfmqsjdbfm\"<\/summary><!-- wp:paragraph {\"placeholder\":\"Saisissez \/ pour ajouter un bloc masqu\u00e9\"} -->\n<p>bod\u00eehg\u00f4qsdosdnmlfkldk oqishdgmk qetmqkdnm qksndmlkn mlqsdmlkqnmlg mlnmqlsdnfmqsdnmqlngmqgnqmlng lsdkngmlsdngmdsmsdgl<\/p>\n<!-- \/wp:paragraph --><\/details>\n<!-- \/wp:details --><\/details>\n<!-- \/wp:details -->\n\n<!-- wp:uagb\/info-box {\"classMigrate\":true,\"block_id\":\"c1968ef6\",\"btnBorderTopWidth\":1,\"btnBorderLeftWidth\":1,\"btnBorderRightWidth\":1,\"btnBorderBottomWidth\":1,\"btnBorderTopLeftRadius\":0,\"btnBorderTopRightRadius\":0,\"btnBorderBottomLeftRadius\":0,\"btnBorderBottomRightRadius\":0,\"btnBorderStyle\":\"solid\",\"btnBorderColor\":\"#333\"} -->\n<div class=\"wp-block-uagb-info-box uagb-block-c1968ef6 uagb-infobox__content-wrap  uagb-infobox-icon-above-title uagb-infobox-image-valign-top\"><div class=\"uagb-ifb-content\"><div class=\"uagb-ifb-icon-wrap\"><svg xmlns=\"https:\/\/www.w3.org\/2000\/svg\" viewBox=\"0 0 512 512\"><path d=\"M0 256C0 114.6 114.6 0 256 0C397.4 0 512 114.6 512 256C512 397.4 397.4 512 256 512C114.6 512 0 397.4 0 256zM371.8 211.8C382.7 200.9 382.7 183.1 371.8 172.2C360.9 161.3 343.1 161.3 332.2 172.2L224 280.4L179.8 236.2C168.9 225.3 151.1 225.3 140.2 236.2C129.3 247.1 129.3 264.9 140.2 275.8L204.2 339.8C215.1 350.7 232.9 350.7 243.8 339.8L371.8 211.8z\"><\/path><\/svg><\/div><div class=\"uagb-ifb-title-wrap\"><h3 class=\"uagb-ifb-title\">Info Box<\/h3><\/div><p class=\"uagb-ifb-desc\">Click here to change this text. Lorem ipsum dolor sit amet, consectetur adipiscing elit. Ut elit tellus, luctus nec ullamcorper mattis, pulvinar dapibus leo.<\/p><\/div><\/div>\n<!-- \/wp:uagb\/info-box -->\n\n<!-- wp:uagb\/info-box {\"classMigrate\":true,\"block_id\":\"9ca33aa6\",\"btnBorderTopWidth\":1,\"btnBorderLeftWidth\":1,\"btnBorderRightWidth\":1,\"btnBorderBottomWidth\":1,\"btnBorderTopLeftRadius\":0,\"btnBorderTopRightRadius\":0,\"btnBorderBottomLeftRadius\":0,\"btnBorderBottomRightRadius\":0,\"btnBorderStyle\":\"solid\",\"btnBorderColor\":\"#333\"} -->\n<div class=\"wp-block-uagb-info-box uagb-block-9ca33aa6 uagb-infobox__content-wrap  uagb-infobox-icon-above-title uagb-infobox-image-valign-top\"><div class=\"uagb-ifb-content\"><div class=\"uagb-ifb-icon-wrap\"><svg xmlns=\"https:\/\/www.w3.org\/2000\/svg\" viewBox=\"0 0 512 512\"><path d=\"M0 256C0 114.6 114.6 0 256 0C397.4 0 512 114.6 512 256C512 397.4 397.4 512 256 512C114.6 512 0 397.4 0 256zM371.8 211.8C382.7 200.9 382.7 183.1 371.8 172.2C360.9 161.3 343.1 161.3 332.2 172.2L224 280.4L179.8 236.2C168.9 225.3 151.1 225.3 140.2 236.2C129.3 247.1 129.3 264.9 140.2 275.8L204.2 339.8C215.1 350.7 232.9 350.7 243.8 339.8L371.8 211.8z\"><\/path><\/svg><\/div><div class=\"uagb-ifb-title-wrap\"><h3 class=\"uagb-ifb-title\">Info Box<\/h3><\/div><p class=\"uagb-ifb-desc\">Click here to change this text. Lorem ipsum dolor sit amet, consectetur adipiscing elit. Ut elit tellus, luctus nec ullamcorper mattis, pulvinar dapibus leo.<\/p><\/div><\/div>\n<!-- \/wp:uagb\/info-box --><\/div><\/div>\n<!-- \/wp:uagb\/container -->","_et_gb_content_width":"","_uag_custom_page_level_css":"","footnotes":""},"class_list":["post-44","page","type-page","status-publish","hentry"],"acf":[],"yoast_head":"<!-- This site is optimized with the Yoast SEO plugin v27.0 - https:\/\/yoast.com\/product\/yoast-seo-wordpress\/ -->\n<title>Accueil - M\u00e9tiersDoc<\/title>\n<meta name=\"robots\" content=\"index, follow, max-snippet:-1, max-image-preview:large, max-video-preview:-1\" \/>\n<link rel=\"canonical\" href=\"https:\/\/www.coachwp.fr\/ebd26g3\/\" \/>\n<meta property=\"og:locale\" content=\"fr_FR\" \/>\n<meta property=\"og:type\" content=\"article\" \/>\n<meta property=\"og:title\" content=\"Accueil - M\u00e9tiersDoc\" \/>\n<meta property=\"og:description\" content=\"Webinaire Archimag &quot;dd dddd oisodih&quot; par lsdhfmlqsd 26\/05\/2026 Table ronde ABD &#039;&#039;hmshdlf dfmqsjdbfm&quot; bod\u00eehg\u00f4qsdosdnmlfkldk oqishdgmk qetmqkdnm qksndmlkn mlqsdmlkqnmlg mlnmqlsdnfmqsdnmqlngmqgnqmlng lsdkngmlsdngmdsmsdgl Info BoxClick here to change this text. Lorem ipsum dolor sit amet, consectetur adipiscing elit. Ut elit tellus, luctus nec ullamcorper mattis, pulvinar dapibus leo. Info BoxClick here to change this text. Lorem ipsum dolor [&hellip;]\" \/>\n<meta property=\"og:url\" content=\"https:\/\/www.coachwp.fr\/ebd26g3\/\" \/>\n<meta property=\"og:site_name\" content=\"M\u00e9tiersDoc\" \/>\n<meta property=\"article:modified_time\" content=\"2026-02-17T13:47:44+00:00\" \/>\n<meta name=\"twitter:card\" content=\"summary_large_image\" \/>\n<meta name=\"twitter:label1\" content=\"Dur\u00e9e de lecture estim\u00e9e\" \/>\n\t<meta name=\"twitter:data1\" content=\"1 minute\" \/>\n<script type=\"application\/ld+json\" class=\"yoast-schema-graph\">{\"@context\":\"https:\/\/schema.org\",\"@graph\":[{\"@type\":\"WebPage\",\"@id\":\"https:\/\/www.coachwp.fr\/ebd26g3\/\",\"url\":\"https:\/\/www.coachwp.fr\/ebd26g3\/\",\"name\":\"Accueil - M\u00e9tiersDoc\",\"isPartOf\":{\"@id\":\"https:\/\/www.coachwp.fr\/ebd26g3\/#website\"},\"datePublished\":\"2026-01-26T10:18:07+00:00\",\"dateModified\":\"2026-02-17T13:47:44+00:00\",\"breadcrumb\":{\"@id\":\"https:\/\/www.coachwp.fr\/ebd26g3\/#breadcrumb\"},\"inLanguage\":\"fr-FR\",\"potentialAction\":[{\"@type\":\"ReadAction\",\"target\":[\"https:\/\/www.coachwp.fr\/ebd26g3\/\"]}]},{\"@type\":\"BreadcrumbList\",\"@id\":\"https:\/\/www.coachwp.fr\/ebd26g3\/#breadcrumb\",\"itemListElement\":[{\"@type\":\"ListItem\",\"position\":1,\"name\":\"Accueil\",\"item\":\"https:\/\/www.coachwp.fr\/ebd26g3\/\"},{\"@type\":\"ListItem\",\"position\":2,\"name\":\"Accueil\"}]},{\"@type\":\"WebSite\",\"@id\":\"https:\/\/www.coachwp.fr\/ebd26g3\/#website\",\"url\":\"https:\/\/www.coachwp.fr\/ebd26g3\/\",\"name\":\"M\u00e9tiersDoc\",\"description\":\"\",\"potentialAction\":[{\"@type\":\"SearchAction\",\"target\":{\"@type\":\"EntryPoint\",\"urlTemplate\":\"https:\/\/www.coachwp.fr\/ebd26g3\/?s={search_term_string}\"},\"query-input\":{\"@type\":\"PropertyValueSpecification\",\"valueRequired\":true,\"valueName\":\"search_term_string\"}}],\"inLanguage\":\"fr-FR\"}]}<\/script>\n<!-- \/ Yoast SEO plugin. -->","yoast_head_json":{"title":"Accueil - M\u00e9tiersDoc","robots":{"index":"index","follow":"follow","max-snippet":"max-snippet:-1","max-image-preview":"max-image-preview:large","max-video-preview":"max-video-preview:-1"},"canonical":"https:\/\/www.coachwp.fr\/ebd26g3\/","og_locale":"fr_FR","og_type":"article","og_title":"Accueil - M\u00e9tiersDoc","og_description":"Webinaire Archimag \"dd dddd oisodih\" par lsdhfmlqsd 26\/05\/2026 Table ronde ABD ''hmshdlf dfmqsjdbfm\" bod\u00eehg\u00f4qsdosdnmlfkldk oqishdgmk qetmqkdnm qksndmlkn mlqsdmlkqnmlg mlnmqlsdnfmqsdnmqlngmqgnqmlng lsdkngmlsdngmdsmsdgl Info BoxClick here to change this text. Lorem ipsum dolor sit amet, consectetur adipiscing elit. Ut elit tellus, luctus nec ullamcorper mattis, pulvinar dapibus leo. Info BoxClick here to change this text. Lorem ipsum dolor [&hellip;]","og_url":"https:\/\/www.coachwp.fr\/ebd26g3\/","og_site_name":"M\u00e9tiersDoc","article_modified_time":"2026-02-17T13:47:44+00:00","twitter_card":"summary_large_image","twitter_misc":{"Dur\u00e9e de lecture estim\u00e9e":"1 minute"},"schema":{"@context":"https:\/\/schema.org","@graph":[{"@type":"WebPage","@id":"https:\/\/www.coachwp.fr\/ebd26g3\/","url":"https:\/\/www.coachwp.fr\/ebd26g3\/","name":"Accueil - M\u00e9tiersDoc","isPartOf":{"@id":"https:\/\/www.coachwp.fr\/ebd26g3\/#website"},"datePublished":"2026-01-26T10:18:07+00:00","dateModified":"2026-02-17T13:47:44+00:00","breadcrumb":{"@id":"https:\/\/www.coachwp.fr\/ebd26g3\/#breadcrumb"},"inLanguage":"fr-FR","potentialAction":[{"@type":"ReadAction","target":["https:\/\/www.coachwp.fr\/ebd26g3\/"]}]},{"@type":"BreadcrumbList","@id":"https:\/\/www.coachwp.fr\/ebd26g3\/#breadcrumb","itemListElement":[{"@type":"ListItem","position":1,"name":"Accueil","item":"https:\/\/www.coachwp.fr\/ebd26g3\/"},{"@type":"ListItem","position":2,"name":"Accueil"}]},{"@type":"WebSite","@id":"https:\/\/www.coachwp.fr\/ebd26g3\/#website","url":"https:\/\/www.coachwp.fr\/ebd26g3\/","name":"M\u00e9tiersDoc","description":"","potentialAction":[{"@type":"SearchAction","target":{"@type":"EntryPoint","urlTemplate":"https:\/\/www.coachwp.fr\/ebd26g3\/?s={search_term_string}"},"query-input":{"@type":"PropertyValueSpecification","valueRequired":true,"valueName":"search_term_string"}}],"inLanguage":"fr-FR"}]}},"uagb_featured_image_src":{"full":false,"thumbnail":false,"medium":false,"medium_large":false,"large":false,"1536x1536":false,"2048x2048":false,"et-pb-post-main-image":false,"et-pb-post-main-image-fullwidth":false,"et-pb-portfolio-image":false,"et-pb-portfolio-module-image":false,"et-pb-portfolio-image-single":false,"et-pb-gallery-module-image-portrait":false,"et-pb-post-main-image-fullwidth-large":false,"et-pb-image--responsive--desktop":false,"et-pb-image--responsive--tablet":false,"et-pb-image--responsive--phone":false},"uagb_author_info":{"display_name":"Ikram Mnie Filali","author_link":"https:\/\/www.coachwp.fr\/ebd26g3\/author\/i-mnieebd-fr\/"},"uagb_comment_info":0,"uagb_excerpt":"Webinaire Archimag \"dd dddd oisodih\" par lsdhfmlqsd 26\/05\/2026 Table ronde ABD ''hmshdlf dfmqsjdbfm\" bod\u00eehg\u00f4qsdosdnmlfkldk oqishdgmk qetmqkdnm qksndmlkn mlqsdmlkqnmlg mlnmqlsdnfmqsdnmqlngmqgnqmlng lsdkngmlsdngmdsmsdgl Info BoxClick here to change this text. Lorem ipsum dolor sit amet, consectetur adipiscing elit. Ut elit tellus, luctus nec ullamcorper mattis, pulvinar dapibus leo. Info BoxClick here to change this text. Lorem ipsum dolor\u2026","_links":{"self":[{"href":"https:\/\/www.coachwp.fr\/ebd26g3\/wp-json\/wp\/v2\/pages\/44","targetHints":{"allow":["GET"]}}],"collection":[{"href":"https:\/\/www.coachwp.fr\/ebd26g3\/wp-json\/wp\/v2\/pages"}],"about":[{"href":"https:\/\/www.coachwp.fr\/ebd26g3\/wp-json\/wp\/v2\/types\/page"}],"author":[{"embeddable":true,"href":"https:\/\/www.coachwp.fr\/ebd26g3\/wp-json\/wp\/v2\/users\/4"}],"replies":[{"embeddable":true,"href":"https:\/\/www.coachwp.fr\/ebd26g3\/wp-json\/wp\/v2\/comments?post=44"}],"version-history":[{"count":4,"href":"https:\/\/www.coachwp.fr\/ebd26g3\/wp-json\/wp\/v2\/pages\/44\/revisions"}],"predecessor-version":[{"id":890,"href":"https:\/\/www.coachwp.fr\/ebd26g3\/wp-json\/wp\/v2\/pages\/44\/revisions\/890"}],"wp:attachment":[{"href":"https:\/\/www.coachwp.fr\/ebd26g3\/wp-json\/wp\/v2\/media?parent=44"}],"curies":[{"name":"wp","href":"https:\/\/api.w.org\/{rel}","templated":true}]}}