{"id":325,"date":"2025-05-29T15:49:34","date_gmt":"2025-05-29T14:49:34","guid":{"rendered":"https:\/\/www.coachwp.fr\/apple\/?page_id=325"},"modified":"2025-05-29T15:49:35","modified_gmt":"2025-05-29T14:49:35","slug":"a-propos","status":"publish","type":"page","link":"https:\/\/www.coachwp.fr\/apple\/a-propos\/","title":{"rendered":"\u00c0 propos"},"content":{"rendered":"\n<p>Ici nous exposons l&rsquo;ensemble de nos articles ainsi que les personnes qui les ont r\u00e9dig\u00e9.<\/p>\n\n\n\n<p>Nous avons r\u00e9alis\u00e9 un total de 3 articles avec pour objectif de couvrir des aspects diff\u00e9rents et actuels d&rsquo;Apple. <\/p>\n\n\n\n<p><a href=\"https:\/\/www.coachwp.fr\/apple\/2025\/04\/14\/apple-levolution-et-les-innovations-dune-marque\/\">Le premier, r\u00e9dig\u00e9 par \u00c9lise, est consacr\u00e9 aux \u00e9volutions et innovations d&rsquo;Apple.<\/a> Son but est de rappeler l&rsquo;histoire de la marque afin de mieux faire ressentir le chemin parcouru depuis. Cela permet ainsi de mettre en avant les derni\u00e8res avanc\u00e9es, notamment au niveau des produits de ces derni\u00e8res ann\u00e9es.<\/p>\n\n\n\n<p><a href=\"https:\/\/www.coachwp.fr\/apple\/2025\/04\/14\/apple-investit-500-milliards-aux-usa\/\">Le second, r\u00e9dig\u00e9 par Herm\u00e8s, est centr\u00e9 sur la strat\u00e9gie d&rsquo;Apple \u00e0 l&rsquo;international et sa politique d&rsquo;investissement.<\/a> Nous faisons le point sur la situation \u00e9conomique \u00e0 l&rsquo;international laquelle \u00e0 des impacts sur l&rsquo;effort industriel d&rsquo;Apple.<\/p>\n\n\n\n<p><a href=\"https:\/\/www.coachwp.fr\/apple\/2025\/04\/14\/apple-intelligence-vers-un-futur-guide-par-lia-generative\/\">Enfin, nous nous dirigeons vers la conclusion, r\u00e9dig\u00e9e par Tatiana, qui est consacr\u00e9e au futur de l&rsquo;entreprise, \u00e0 savoir l&rsquo;IA<\/a>. En effet, celle-ci semble bel et bien destin\u00e9e \u00e0 r\u00e9volutionner nos vies et Apple ne semble pas vouloir rester en retrait de ces changements majeurs.<\/p>\n","protected":false},"excerpt":{"rendered":"<p>Ici nous exposons l&rsquo;ensemble de nos articles ainsi que les personnes qui les ont r\u00e9dig\u00e9. Nous avons r\u00e9alis\u00e9 un total de 3 articles avec pour objectif de couvrir des aspects diff\u00e9rents et actuels d&rsquo;Apple. Le premier, r\u00e9dig\u00e9 par \u00c9lise, est consacr\u00e9 aux \u00e9volutions et innovations d&rsquo;Apple. Son but est de rappeler l&rsquo;histoire de la marque [&hellip;]<\/p>\n","protected":false},"author":2,"featured_media":0,"parent":0,"menu_order":0,"comment_status":"closed","ping_status":"closed","template":"","meta":{"footnotes":""},"class_list":["post-325","page","type-page","status-publish","hentry"],"yoast_head":"<!-- This site is optimized with the Yoast SEO plugin v24.6 - https:\/\/yoast.com\/wordpress\/plugins\/seo\/ -->\n<title>\u00c0 propos - AppleLabs<\/title>\n<meta name=\"robots\" content=\"noindex, follow, max-snippet:-1, max-image-preview:large, max-video-preview:-1\" \/>\n<meta property=\"og:locale\" content=\"fr_FR\" \/>\n<meta property=\"og:type\" content=\"article\" \/>\n<meta property=\"og:title\" content=\"\u00c0 propos - AppleLabs\" \/>\n<meta property=\"og:description\" content=\"Ici nous exposons l&rsquo;ensemble de nos articles ainsi que les personnes qui les ont r\u00e9dig\u00e9. Nous avons r\u00e9alis\u00e9 un total de 3 articles avec pour objectif de couvrir des aspects diff\u00e9rents et actuels d&rsquo;Apple. Le premier, r\u00e9dig\u00e9 par \u00c9lise, est consacr\u00e9 aux \u00e9volutions et innovations d&rsquo;Apple. Son but est de rappeler l&rsquo;histoire de la marque [&hellip;]\" \/>\n<meta property=\"og:url\" content=\"https:\/\/www.coachwp.fr\/apple\/a-propos\/\" \/>\n<meta property=\"og:site_name\" content=\"AppleLabs\" \/>\n<meta property=\"article:modified_time\" content=\"2025-05-29T14:49:35+00:00\" \/>\n<meta name=\"twitter:card\" content=\"summary_large_image\" \/>\n<meta name=\"twitter:label1\" content=\"Dur\u00e9e de lecture estim\u00e9e\" \/>\n\t<meta name=\"twitter:data1\" content=\"1 minute\" \/>\n<script type=\"application\/ld+json\" class=\"yoast-schema-graph\">{\"@context\":\"https:\/\/schema.org\",\"@graph\":[{\"@type\":\"WebPage\",\"@id\":\"https:\/\/www.coachwp.fr\/apple\/a-propos\/\",\"url\":\"https:\/\/www.coachwp.fr\/apple\/a-propos\/\",\"name\":\"\u00c0 propos - AppleLabs\",\"isPartOf\":{\"@id\":\"https:\/\/www.coachwp.fr\/apple\/#website\"},\"datePublished\":\"2025-05-29T14:49:34+00:00\",\"dateModified\":\"2025-05-29T14:49:35+00:00\",\"breadcrumb\":{\"@id\":\"https:\/\/www.coachwp.fr\/apple\/a-propos\/#breadcrumb\"},\"inLanguage\":\"fr-FR\",\"potentialAction\":[{\"@type\":\"ReadAction\",\"target\":[\"https:\/\/www.coachwp.fr\/apple\/a-propos\/\"]}]},{\"@type\":\"BreadcrumbList\",\"@id\":\"https:\/\/www.coachwp.fr\/apple\/a-propos\/#breadcrumb\",\"itemListElement\":[{\"@type\":\"ListItem\",\"position\":1,\"name\":\"Accueil\",\"item\":\"https:\/\/www.coachwp.fr\/apple\/\"},{\"@type\":\"ListItem\",\"position\":2,\"name\":\"\u00c0 propos\"}]},{\"@type\":\"WebSite\",\"@id\":\"https:\/\/www.coachwp.fr\/apple\/#website\",\"url\":\"https:\/\/www.coachwp.fr\/apple\/\",\"name\":\"AppleLabs\",\"description\":\"Demain commence ici\",\"publisher\":{\"@id\":\"https:\/\/www.coachwp.fr\/apple\/#organization\"},\"potentialAction\":[{\"@type\":\"SearchAction\",\"target\":{\"@type\":\"EntryPoint\",\"urlTemplate\":\"https:\/\/www.coachwp.fr\/apple\/?s={search_term_string}\"},\"query-input\":{\"@type\":\"PropertyValueSpecification\",\"valueRequired\":true,\"valueName\":\"search_term_string\"}}],\"inLanguage\":\"fr-FR\"},{\"@type\":\"Organization\",\"@id\":\"https:\/\/www.coachwp.fr\/apple\/#organization\",\"name\":\"AppleLabs\",\"url\":\"https:\/\/www.coachwp.fr\/apple\/\",\"logo\":{\"@type\":\"ImageObject\",\"inLanguage\":\"fr-FR\",\"@id\":\"https:\/\/www.coachwp.fr\/apple\/#\/schema\/logo\/image\/\",\"url\":\"https:\/\/www.coachwp.fr\/apple\/wp-content\/uploads\/2025\/05\/applllle.png\",\"contentUrl\":\"https:\/\/www.coachwp.fr\/apple\/wp-content\/uploads\/2025\/05\/applllle.png\",\"width\":1080,\"height\":1350,\"caption\":\"AppleLabs\"},\"image\":{\"@id\":\"https:\/\/www.coachwp.fr\/apple\/#\/schema\/logo\/image\/\"}}]}<\/script>\n<!-- \/ Yoast SEO plugin. -->","yoast_head_json":{"title":"\u00c0 propos - AppleLabs","robots":{"index":"noindex","follow":"follow","max-snippet":"max-snippet:-1","max-image-preview":"max-image-preview:large","max-video-preview":"max-video-preview:-1"},"og_locale":"fr_FR","og_type":"article","og_title":"\u00c0 propos - AppleLabs","og_description":"Ici nous exposons l&rsquo;ensemble de nos articles ainsi que les personnes qui les ont r\u00e9dig\u00e9. Nous avons r\u00e9alis\u00e9 un total de 3 articles avec pour objectif de couvrir des aspects diff\u00e9rents et actuels d&rsquo;Apple. Le premier, r\u00e9dig\u00e9 par \u00c9lise, est consacr\u00e9 aux \u00e9volutions et innovations d&rsquo;Apple. Son but est de rappeler l&rsquo;histoire de la marque [&hellip;]","og_url":"https:\/\/www.coachwp.fr\/apple\/a-propos\/","og_site_name":"AppleLabs","article_modified_time":"2025-05-29T14:49:35+00:00","twitter_card":"summary_large_image","twitter_misc":{"Dur\u00e9e de lecture estim\u00e9e":"1 minute"},"schema":{"@context":"https:\/\/schema.org","@graph":[{"@type":"WebPage","@id":"https:\/\/www.coachwp.fr\/apple\/a-propos\/","url":"https:\/\/www.coachwp.fr\/apple\/a-propos\/","name":"\u00c0 propos - AppleLabs","isPartOf":{"@id":"https:\/\/www.coachwp.fr\/apple\/#website"},"datePublished":"2025-05-29T14:49:34+00:00","dateModified":"2025-05-29T14:49:35+00:00","breadcrumb":{"@id":"https:\/\/www.coachwp.fr\/apple\/a-propos\/#breadcrumb"},"inLanguage":"fr-FR","potentialAction":[{"@type":"ReadAction","target":["https:\/\/www.coachwp.fr\/apple\/a-propos\/"]}]},{"@type":"BreadcrumbList","@id":"https:\/\/www.coachwp.fr\/apple\/a-propos\/#breadcrumb","itemListElement":[{"@type":"ListItem","position":1,"name":"Accueil","item":"https:\/\/www.coachwp.fr\/apple\/"},{"@type":"ListItem","position":2,"name":"\u00c0 propos"}]},{"@type":"WebSite","@id":"https:\/\/www.coachwp.fr\/apple\/#website","url":"https:\/\/www.coachwp.fr\/apple\/","name":"AppleLabs","description":"Demain commence ici","publisher":{"@id":"https:\/\/www.coachwp.fr\/apple\/#organization"},"potentialAction":[{"@type":"SearchAction","target":{"@type":"EntryPoint","urlTemplate":"https:\/\/www.coachwp.fr\/apple\/?s={search_term_string}"},"query-input":{"@type":"PropertyValueSpecification","valueRequired":true,"valueName":"search_term_string"}}],"inLanguage":"fr-FR"},{"@type":"Organization","@id":"https:\/\/www.coachwp.fr\/apple\/#organization","name":"AppleLabs","url":"https:\/\/www.coachwp.fr\/apple\/","logo":{"@type":"ImageObject","inLanguage":"fr-FR","@id":"https:\/\/www.coachwp.fr\/apple\/#\/schema\/logo\/image\/","url":"https:\/\/www.coachwp.fr\/apple\/wp-content\/uploads\/2025\/05\/applllle.png","contentUrl":"https:\/\/www.coachwp.fr\/apple\/wp-content\/uploads\/2025\/05\/applllle.png","width":1080,"height":1350,"caption":"AppleLabs"},"image":{"@id":"https:\/\/www.coachwp.fr\/apple\/#\/schema\/logo\/image\/"}}]}},"_links":{"self":[{"href":"https:\/\/www.coachwp.fr\/apple\/wp-json\/wp\/v2\/pages\/325","targetHints":{"allow":["GET"]}}],"collection":[{"href":"https:\/\/www.coachwp.fr\/apple\/wp-json\/wp\/v2\/pages"}],"about":[{"href":"https:\/\/www.coachwp.fr\/apple\/wp-json\/wp\/v2\/types\/page"}],"author":[{"embeddable":true,"href":"https:\/\/www.coachwp.fr\/apple\/wp-json\/wp\/v2\/users\/2"}],"replies":[{"embeddable":true,"href":"https:\/\/www.coachwp.fr\/apple\/wp-json\/wp\/v2\/comments?post=325"}],"version-history":[{"count":2,"href":"https:\/\/www.coachwp.fr\/apple\/wp-json\/wp\/v2\/pages\/325\/revisions"}],"predecessor-version":[{"id":405,"href":"https:\/\/www.coachwp.fr\/apple\/wp-json\/wp\/v2\/pages\/325\/revisions\/405"}],"wp:attachment":[{"href":"https:\/\/www.coachwp.fr\/apple\/wp-json\/wp\/v2\/media?parent=325"}],"curies":[{"name":"wp","href":"https:\/\/api.w.org\/{rel}","templated":true}]}}